{"id":3821,"date":"2019-07-22T14:46:57","date_gmt":"2019-07-22T11:46:57","guid":{"rendered":"https:\/\/visitpoltsamaa.com\/?page_id=3821"},"modified":"2025-06-10T15:50:08","modified_gmt":"2025-06-10T12:50:08","slug":"yhteystiedot","status":"publish","type":"page","link":"https:\/\/visitpoltsamaa.com\/fi\/yhteystiedot\/","title":{"rendered":"Yhteystiedot"},"content":{"rendered":"<div class=\"su-row\"><div class=\"su-column su-column-size-1-2\"><div class=\"su-column-inner su-clearfix\">\n<h4><strong>P\u00d5LTSAMAAN TURISTI-INFO<\/strong><\/h4>\n<p>Lossi 1b, 48103 P\u00f5ltsamaan kaupunki, P\u00f5ltsamaan kunta<\/p>\n<p>+372 775 1390, 529 3307<br \/>\nturism@poltsamaa.ee<br \/>\n<a href=\"http:\/\/www.visitpoltsamaa.com\">www.visitpoltsamaa.com<\/a><br \/>\n<a href=\"https:\/\/www.facebook.com\/visitpoltsamaa\"><img loading=\"lazy\" decoding=\"async\" class=\"alignnone size-full wp-image-684\" src=\"https:\/\/visitpoltsamaa.com\/wp-content\/uploads\/2018\/03\/facebook-icon-sm.png\" alt=\"\" width=\"30\" height=\"30\" \/><\/a>\u00a0\u00a0<a href=\"http:\/\/www.fb.com\/visitpoltsamaa\" target=\"_blank\" rel=\"noopener noreferrer\">visitpoltsamaa<\/a><br \/>\n<a href=\"https:\/\/www.instagram.com\/visitpoltsamaa\"><img loading=\"lazy\" decoding=\"async\" class=\"alignnone size-full wp-image-2302\" src=\"https:\/\/visitpoltsamaa.com\/wp-content\/uploads\/2018\/11\/instagram-icon-small.png\" alt=\"\" width=\"30\" height=\"30\" \/><\/a>\u00a0\u00a0<a href=\"http:\/\/www.instagram.com\/visitpoltsamaa\" target=\"_blank\" rel=\"noopener noreferrer\">visitpoltsamaa<\/a><\/p>\n<h5>Avoinna:<\/h5>\n<p>01.05 \u2013 30.09 Ma\u2013Su: 10.00-18.00<br \/>\n01.10 \u2013 30.04 Ti\u2013Su: 10.00-18.00<\/p>\n<p>Turisti-info tarjoaa ilmaisia julkaisuja P\u00f5ltsamaasta ja koko Virosta viroksi ja monella muulla kielell\u00e4. Myyt\u00e4v\u00e4n\u00e4 on kirjoja, postikortteja, P\u00f5ltsamaa-aiheisia matkamuistoja.<\/p>\n<p>Mahdollisuus tilata opastettu kierros museossa, linnassa, kaupungissa ja P\u00f5ltsamaan kunnassa. Opaspalvelua tarjotaan 4 eri kielell\u00e4: viro, ven\u00e4j\u00e4, englanti ja suomi.<\/p>\n<hr \/>\n<p><em>Valokuvat verkkosivuilla: Raivo Laanes, Liina Laurikainen, Teele Kaeramaa, Rutt T\u00e4nav, P\u00f5ltsamaan yritt\u00e4j\u00e4t<\/em><\/p>\n<\/div><\/div> <div class=\"su-column su-column-size-1-2\"><div class=\"su-column-inner su-clearfix\">\n<div class=\"su-gmap su-responsive-media-yes\"><iframe loading=\"lazy\" width=\"200\" height=\"200\" src=\"\/\/maps.google.com\/maps?q=P%C3%B5ltsamaa+Turismiinfopunkt&amp;output=embed\"><\/iframe><\/div>\n<\/div><\/div><\/div>\n","protected":false},"excerpt":{"rendered":"","protected":false},"author":2,"featured_media":0,"parent":0,"menu_order":8,"comment_status":"closed","ping_status":"closed","template":"","meta":{"footnotes":""},"categories":[],"tags":[],"class_list":["post-3821","page","type-page","status-publish","hentry"],"yoast_head":"<!-- This site is optimized with the Yoast SEO plugin v15.0 - https:\/\/yoast.com\/wordpress\/plugins\/seo\/ -->\n<title>Yhteystiedot | Visit P&otilde;ltsamaa<\/title>\n<meta name=\"robots\" content=\"index, follow, max-snippet:-1, max-image-preview:large, max-video-preview:-1\" \/>\n<link rel=\"canonical\" href=\"https:\/\/visitpoltsamaa.com\/fi\/yhteystiedot\/\" \/>\n<meta property=\"og:locale\" content=\"fi_FI\" \/>\n<meta property=\"og:type\" content=\"article\" \/>\n<meta property=\"og:title\" content=\"Yhteystiedot | Visit P&otilde;ltsamaa\" \/>\n<meta property=\"og:url\" content=\"https:\/\/visitpoltsamaa.com\/fi\/yhteystiedot\/\" \/>\n<meta property=\"og:site_name\" content=\"Visit P&otilde;ltsamaa\" \/>\n<meta property=\"article:modified_time\" content=\"2025-06-10T12:50:08+00:00\" \/>\n<meta property=\"og:image\" content=\"https:\/\/visitpoltsamaa.com\/wp-content\/uploads\/2018\/03\/facebook-icon-sm.png\" \/>\n<meta name=\"twitter:card\" content=\"summary_large_image\" \/>\n<script type=\"application\/ld+json\" class=\"yoast-schema-graph\">{\"@context\":\"https:\/\/schema.org\",\"@graph\":[{\"@type\":\"WebSite\",\"@id\":\"https:\/\/visitpoltsamaa.com\/fi\/#website\",\"url\":\"https:\/\/visitpoltsamaa.com\/fi\/\",\"name\":\"Visit P\\u00f5ltsamaa\",\"description\":\"P\\u00f5ltsamaan kunnan turisti-info\",\"potentialAction\":[{\"@type\":\"SearchAction\",\"target\":\"https:\/\/visitpoltsamaa.com\/fi\/?s={search_term_string}\",\"query-input\":\"required name=search_term_string\"}],\"inLanguage\":\"fi\"},{\"@type\":\"ImageObject\",\"@id\":\"https:\/\/visitpoltsamaa.com\/fi\/yhteystiedot\/#primaryimage\",\"inLanguage\":\"fi\",\"url\":\"https:\/\/visitpoltsamaa.com\/wp-content\/uploads\/2018\/03\/facebook-icon-sm.png\",\"width\":30,\"height\":30},{\"@type\":\"WebPage\",\"@id\":\"https:\/\/visitpoltsamaa.com\/fi\/yhteystiedot\/#webpage\",\"url\":\"https:\/\/visitpoltsamaa.com\/fi\/yhteystiedot\/\",\"name\":\"Yhteystiedot | Visit P&otilde;ltsamaa\",\"isPartOf\":{\"@id\":\"https:\/\/visitpoltsamaa.com\/fi\/#website\"},\"primaryImageOfPage\":{\"@id\":\"https:\/\/visitpoltsamaa.com\/fi\/yhteystiedot\/#primaryimage\"},\"datePublished\":\"2019-07-22T11:46:57+00:00\",\"dateModified\":\"2025-06-10T12:50:08+00:00\",\"inLanguage\":\"fi\",\"potentialAction\":[{\"@type\":\"ReadAction\",\"target\":[\"https:\/\/visitpoltsamaa.com\/fi\/yhteystiedot\/\"]}]}]}<\/script>\n<!-- \/ Yoast SEO plugin. -->","_links":{"self":[{"href":"https:\/\/visitpoltsamaa.com\/fi\/wp-json\/wp\/v2\/pages\/3821","targetHints":{"allow":["GET"]}}],"collection":[{"href":"https:\/\/visitpoltsamaa.com\/fi\/wp-json\/wp\/v2\/pages"}],"about":[{"href":"https:\/\/visitpoltsamaa.com\/fi\/wp-json\/wp\/v2\/types\/page"}],"author":[{"embeddable":true,"href":"https:\/\/visitpoltsamaa.com\/fi\/wp-json\/wp\/v2\/users\/2"}],"replies":[{"embeddable":true,"href":"https:\/\/visitpoltsamaa.com\/fi\/wp-json\/wp\/v2\/comments?post=3821"}],"version-history":[{"count":17,"href":"https:\/\/visitpoltsamaa.com\/fi\/wp-json\/wp\/v2\/pages\/3821\/revisions"}],"predecessor-version":[{"id":7948,"href":"https:\/\/visitpoltsamaa.com\/fi\/wp-json\/wp\/v2\/pages\/3821\/revisions\/7948"}],"wp:attachment":[{"href":"https:\/\/visitpoltsamaa.com\/fi\/wp-json\/wp\/v2\/media?parent=3821"}],"wp:term":[{"taxonomy":"category","embeddable":true,"href":"https:\/\/visitpoltsamaa.com\/fi\/wp-json\/wp\/v2\/categories?post=3821"},{"taxonomy":"post_tag","embeddable":true,"href":"https:\/\/visitpoltsamaa.com\/fi\/wp-json\/wp\/v2\/tags?post=3821"}],"curies":[{"name":"wp","href":"https:\/\/api.w.org\/{rel}","templated":true}]}}