{"id":3818,"date":"2019-07-22T14:44:59","date_gmt":"2019-07-22T11:44:59","guid":{"rendered":"https:\/\/visitpoltsamaa.com\/?page_id=3818"},"modified":"2025-06-10T15:41:05","modified_gmt":"2025-06-10T12:41:05","slug":"ukk","status":"publish","type":"page","link":"https:\/\/visitpoltsamaa.com\/fi\/ukk\/","title":{"rendered":"UKK"},"content":{"rendered":"<div class=\"su-row\"><div class=\"su-column su-column-size-1-2\"><div class=\"su-column-inner su-clearfix\">\n<h2>Kuinka p\u00e4\u00e4st\u00e4 perille?<\/h2>\n<p>P\u00f5ltsamaan kunta sijaitsee Keski-Virossa, P\u00f5ltsamaan kaupunki sijaitsee Tallinna-Tartto-valtatien 127. km:n kohdalla ja on yksi kolmesta J\u00f5gevamaan maakunnan kaupungista. P\u00f5ltsamaalta on bussiyhteys Tallinnaan ja Tarttoon \u2013 osa linja-autoista ajaa kaupunkiin sis\u00e4\u00e4n, mutta suurin osa pys\u00e4htyy Tallinn-Tartto-valtatien varrella Puhu-Ristin pys\u00e4kill\u00e4. Puhu-Ristist\u00e4 vie kevytliikennetie keskustaan. L\u00e4himm\u00e4t rautatieasemat sijaitsevat J\u00f5gevalla, T\u00fcrill\u00e4, V\u00f5hmassa, Viljandissa ja Tartossa; l\u00e4himm\u00e4t lentoasemat ovat Tallinnassa ja Tartossa. Paikan p\u00e4\u00e4ll\u00e4 voi k\u00e4ytt\u00e4\u00e4 taksipalvelua ja vuokrata polkupy\u00f6ri\u00e4.<\/p>\n<p>Et\u00e4isyys suurimmista kaupungeista:<\/p>\n<p style=\"font-weight: 400;\">Tallinn \u2013 127 km\u00a0 | Tartu \u2013 59 km | Narva \u2013 185 km<br \/>\nP\u00e4rnu \u2013 125 km | Peterburi \u2013 335 km | Riia \u2013 270 km<\/p>\n<p><strong>Bussireitit:<\/strong>\u00a0Peatus (<span style=\"font-style: inherit; font-weight: inherit;\"><a style=\"font-style: inherit; font-weight: inherit;\" href=\"http:\/\/www.peatus.ee\/\" target=\"_blank\" rel=\"noopener noreferrer\">www.peatus.ee<\/a><\/span>), Tpilet (<span style=\"font-style: inherit; font-weight: inherit;\"><a style=\"font-style: inherit; font-weight: inherit;\" href=\"http:\/\/www.tpilet.ee\/\" target=\"_blank\" rel=\"noopener noreferrer\">www.tpilet.ee<\/a><\/span>)<\/p>\n<p><strong>Junareitit:<\/strong> AS Eesti Liinirongid (<span style=\"font-style: inherit; font-weight: inherit;\"><a style=\"font-style: inherit; font-weight: inherit;\" href=\"http:\/\/www.elron.ee\/\" target=\"_blank\" rel=\"noopener noreferrer\">www.elron.ee<\/a><\/span>)<\/p>\n<p><strong>Liikenne- ja tieolot:<\/strong> Maanteeinfo (<a style=\"font-style: inherit; font-weight: inherit;\" href=\"https:\/\/tarktee.mnt.ee\/\" target=\"_blank\" rel=\"noopener noreferrer\"><span style=\"font-style: inherit; font-weight: inherit;\">tarktee.mnt.ee<\/span><\/a>)<\/p>\n<p><strong>Taksipalvelu P\u00f5ltsamaalla: <\/strong>+372 <span style=\"font-style: inherit; font-weight: inherit;\">527 0483 (Aivar Antsmaa), +372 <\/span>5800 5868 (Laire Soom)<\/p>\n<p><strong>Polkupy\u00f6r\u00e4vuokraus P\u00f5ltsamaalla:<\/strong> P\u00f5ltsamaa Jalgrattakeskus, Kesk tn 1, tel +372 5558 0110<\/p>\n<h2>Kuinka paljon maksaa pys\u00e4k\u00f6inti?<\/h2>\n<p>P\u00f5ltsamaan kunnan alueella ja P\u00f5ltsamaan kaupungissa pys\u00e4k\u00f6inti on ilmainen. Seuraa pys\u00e4k\u00f6intialueille opastavia liikennemerkkej\u00e4.<\/p>\n<\/div><\/div> <div class=\"su-column su-column-size-1-2\"><div class=\"su-column-inner su-clearfix\">\n<h2>Kuinka monta ihmist\u00e4 asuu P\u00f5ltsamaalla?<\/h2>\n<p>P\u00f5ltsamaan kunnan yleistiedot:<\/p>\n<p>V\u00e4kiluku: 9179 (01.01.2025)<br \/>\nPinta-ala: 889,6 km\u00b2<br \/>\nSuurin taajama: P\u00f5ltsamaa linn (3690)<\/p>\n<p style=\"font-weight: 400;\">Kouluja: 2<br \/>\nP\u00e4iv\u00e4koteja: 2<br \/>\nKyli\u00e4: 58<br \/>\nHarrastuskouluja: 3<\/p>\n<p><a href=\"http:\/\/www.poltsamaa.ee\" target=\"_blank\" rel=\"noopener noreferrer\">P\u00f5ltsamaan kunnanhallitus (P\u00f5ltsamaa Vallavalitsus)<\/a><\/p>\n<figure id=\"attachment_848\" aria-describedby=\"caption-attachment-848\" style=\"width: 300px\" class=\"wp-caption alignleft\"><img loading=\"lazy\" decoding=\"async\" class=\"wp-image-848 size-medium\" src=\"https:\/\/visitpoltsamaa.com\/wp-content\/uploads\/2018\/09\/symboolika-300x121.jpg\" alt=\"\" width=\"300\" height=\"121\" srcset=\"https:\/\/visitpoltsamaa.com\/wp-content\/uploads\/2018\/09\/symboolika-300x121.jpg 300w, https:\/\/visitpoltsamaa.com\/wp-content\/uploads\/2018\/09\/symboolika-768x311.jpg 768w, https:\/\/visitpoltsamaa.com\/wp-content\/uploads\/2018\/09\/symboolika-494x200.jpg 494w, https:\/\/visitpoltsamaa.com\/wp-content\/uploads\/2018\/09\/symboolika.jpg 793w\" sizes=\"auto, (max-width: 300px) 100vw, 300px\" \/><figcaption id=\"caption-attachment-848\" class=\"wp-caption-text\">P\u00f5ltsamaan kunnan vaakuna ja lippu<\/figcaption><\/figure>\n<\/div><\/div><\/div>\n","protected":false},"excerpt":{"rendered":"","protected":false},"author":2,"featured_media":0,"parent":0,"menu_order":6,"comment_status":"closed","ping_status":"closed","template":"","meta":{"footnotes":""},"categories":[],"tags":[],"class_list":["post-3818","page","type-page","status-publish","hentry"],"yoast_head":"<!-- This site is optimized with the Yoast SEO plugin v15.0 - https:\/\/yoast.com\/wordpress\/plugins\/seo\/ -->\n<title>UKK | Visit P&otilde;ltsamaa<\/title>\n<meta name=\"robots\" content=\"index, follow, max-snippet:-1, max-image-preview:large, max-video-preview:-1\" \/>\n<link rel=\"canonical\" href=\"https:\/\/visitpoltsamaa.com\/fi\/ukk\/\" \/>\n<meta property=\"og:locale\" content=\"fi_FI\" \/>\n<meta property=\"og:type\" content=\"article\" \/>\n<meta property=\"og:title\" content=\"UKK | Visit P&otilde;ltsamaa\" \/>\n<meta property=\"og:url\" content=\"https:\/\/visitpoltsamaa.com\/fi\/ukk\/\" \/>\n<meta property=\"og:site_name\" content=\"Visit P&otilde;ltsamaa\" \/>\n<meta property=\"article:modified_time\" content=\"2025-06-10T12:41:05+00:00\" \/>\n<meta property=\"og:image\" content=\"https:\/\/visitpoltsamaa.com\/wp-content\/uploads\/2018\/09\/symboolika-300x121.jpg\" \/>\n<meta name=\"twitter:card\" content=\"summary_large_image\" \/>\n<script type=\"application\/ld+json\" class=\"yoast-schema-graph\">{\"@context\":\"https:\/\/schema.org\",\"@graph\":[{\"@type\":\"WebSite\",\"@id\":\"https:\/\/visitpoltsamaa.com\/fi\/#website\",\"url\":\"https:\/\/visitpoltsamaa.com\/fi\/\",\"name\":\"Visit P\\u00f5ltsamaa\",\"description\":\"P\\u00f5ltsamaan kunnan turisti-info\",\"potentialAction\":[{\"@type\":\"SearchAction\",\"target\":\"https:\/\/visitpoltsamaa.com\/fi\/?s={search_term_string}\",\"query-input\":\"required name=search_term_string\"}],\"inLanguage\":\"fi\"},{\"@type\":\"ImageObject\",\"@id\":\"https:\/\/visitpoltsamaa.com\/fi\/ukk\/#primaryimage\",\"inLanguage\":\"fi\",\"url\":\"https:\/\/visitpoltsamaa.com\/wp-content\/uploads\/2018\/09\/symboolika.jpg\",\"width\":793,\"height\":321},{\"@type\":\"WebPage\",\"@id\":\"https:\/\/visitpoltsamaa.com\/fi\/ukk\/#webpage\",\"url\":\"https:\/\/visitpoltsamaa.com\/fi\/ukk\/\",\"name\":\"UKK | Visit P&otilde;ltsamaa\",\"isPartOf\":{\"@id\":\"https:\/\/visitpoltsamaa.com\/fi\/#website\"},\"primaryImageOfPage\":{\"@id\":\"https:\/\/visitpoltsamaa.com\/fi\/ukk\/#primaryimage\"},\"datePublished\":\"2019-07-22T11:44:59+00:00\",\"dateModified\":\"2025-06-10T12:41:05+00:00\",\"inLanguage\":\"fi\",\"potentialAction\":[{\"@type\":\"ReadAction\",\"target\":[\"https:\/\/visitpoltsamaa.com\/fi\/ukk\/\"]}]}]}<\/script>\n<!-- \/ Yoast SEO plugin. -->","_links":{"self":[{"href":"https:\/\/visitpoltsamaa.com\/fi\/wp-json\/wp\/v2\/pages\/3818","targetHints":{"allow":["GET"]}}],"collection":[{"href":"https:\/\/visitpoltsamaa.com\/fi\/wp-json\/wp\/v2\/pages"}],"about":[{"href":"https:\/\/visitpoltsamaa.com\/fi\/wp-json\/wp\/v2\/types\/page"}],"author":[{"embeddable":true,"href":"https:\/\/visitpoltsamaa.com\/fi\/wp-json\/wp\/v2\/users\/2"}],"replies":[{"embeddable":true,"href":"https:\/\/visitpoltsamaa.com\/fi\/wp-json\/wp\/v2\/comments?post=3818"}],"version-history":[{"count":7,"href":"https:\/\/visitpoltsamaa.com\/fi\/wp-json\/wp\/v2\/pages\/3818\/revisions"}],"predecessor-version":[{"id":7937,"href":"https:\/\/visitpoltsamaa.com\/fi\/wp-json\/wp\/v2\/pages\/3818\/revisions\/7937"}],"wp:attachment":[{"href":"https:\/\/visitpoltsamaa.com\/fi\/wp-json\/wp\/v2\/media?parent=3818"}],"wp:term":[{"taxonomy":"category","embeddable":true,"href":"https:\/\/visitpoltsamaa.com\/fi\/wp-json\/wp\/v2\/categories?post=3818"},{"taxonomy":"post_tag","embeddable":true,"href":"https:\/\/visitpoltsamaa.com\/fi\/wp-json\/wp\/v2\/tags?post=3818"}],"curies":[{"name":"wp","href":"https:\/\/api.w.org\/{rel}","templated":true}]}}