{"id":3812,"date":"2019-07-22T14:43:39","date_gmt":"2019-07-22T11:43:39","guid":{"rendered":"https:\/\/visitpoltsamaa.com\/?page_id=3812"},"modified":"2025-08-07T11:26:51","modified_gmt":"2025-08-07T08:26:51","slug":"nahtavyydet","status":"publish","type":"page","link":"https:\/\/visitpoltsamaa.com\/fi\/nae-koe\/nahtavyydet\/","title":{"rendered":"N\u00e4ht\u00e4vyydet"},"content":{"rendered":"<h3><strong>Museot ja kartanot<\/strong><\/h3>\n<p>P\u00f5ltsamaan alueella on monia linnoja ja kartanoita. Valtaosa niist\u00e4 on kunnostettu, moniin voi p\u00e4\u00e4st\u00e4 sis\u00e4\u00e4n sek\u00e4 vuokrata tiloja juhliin, syntym\u00e4p\u00e4iviin, h\u00e4ihin ym. tapahtumiin. Jotkut kartanot ovat kuitenkin katsottavissa vain ulkoa. P\u00f5ltsamaalla toimii my\u00f6s nelj\u00e4 museota.<\/p>\n<style type=\"text\/css\">#post-grid-889 .element_0{font-size:16px;display:block;padding:8px;}#post-grid-889 .element_1{font-size:13px;display:block;padding:10px;}#post-grid-889 .element_0:hover{}#post-grid-889 .element_1:hover{}#post-grid-889 .item{\r\n\t\t\tbackground:#f7f7f7;\r\n\t\r\n\t\t\t}<\/style><style type=\"text\/css\">\/*Write your CSS code here*\/<\/style><style type=\"text\/css\">#post-grid-889 {\r\n\t\t\tpadding:10px;\r\n\t\t\tbackground: #fff url() repeat scroll 0 0;\r\n\t\t}#post-grid-889 .item .layer-media{overflow: hidden;\r\n\t\t}@media only screen and (min-width: 1024px ) {#post-grid-889 .item .layer-media{height:auto;}}\r\n\t\t\r\n\t\t@media only screen and ( min-width: 768px ) and ( max-width: 1023px ) {#post-grid-889 .item .layer-media{height:auto}}\r\n\t\t\r\n\t\t@media only screen and ( min-width: 320px ) and ( max-width: 767px ) {#post-grid-889 .item .layer-media{height:auto}}#post-grid-889 .item{\r\n\t\tmargin:10px;}@media only screen and (min-width: 1024px ) {#post-grid-889 .item{height:auto;}}\r\n\t\r\n\t@media only screen and ( min-width: 768px ) and ( max-width: 1023px ) {#post-grid-889 .item{height:auto}}\r\n\t\r\n\t@media only screen and ( min-width: 320px ) and ( max-width: 767px ) {#post-grid-889 .item{height:auto}}\r\n\t@media only screen and (min-width: 1024px ) {\r\n\t#post-grid-889 .item{width:280px}\r\n\t\r\n\t}\r\n\t\r\n\t@media only screen and ( min-width: 768px ) and ( max-width: 1023px ) {\r\n\t#post-grid-889 .item{width:280px}\r\n\t}\r\n\t\r\n\t@media only screen and ( min-width: 320px ) and ( max-width: 767px ) {\r\n\t#post-grid-889 .item{width:90%}\r\n\t}<\/style><div id=\"post-grid-889\" class=\"post-grid grid\"><div class=\"grid-nav-top\"><\/div><div class=\"grid-items \" id=\"\"><div  class=\"item mix skin even flat linnat-ja-kartanot \"><div class=\"layer-media\"><a href=\"https:\/\/visitpoltsamaa.com\/fi\/adaveren-kartano\/\"><img decoding=\"async\" alt=\"\" src=\"https:\/\/visitpoltsamaa.com\/wp-content\/uploads\/2018\/10\/8.-Adavere-m\u00f5is-300x200.jpg\" \/><\/a><\/div><div class=\"layer-content\"><a target=\"_parent\" class=\"element element_0 title_link\" href=\"https:\/\/visitpoltsamaa.com\/fi\/adaveren-kartano\/\">Adaveren kartano<\/a><div class=\"element element_1 excerpt\"  ><\/div><\/div><\/div><div  class=\"item mix skin odd flat linnat-ja-kartanot \"><div class=\"layer-media\"><a href=\"https:\/\/visitpoltsamaa.com\/fi\/lustiveren-kartano\/\"><img decoding=\"async\" alt=\"\" src=\"https:\/\/visitpoltsamaa.com\/wp-content\/uploads\/2018\/10\/6.-Lustivere-m\u00f5is-300x200.jpg\" \/><\/a><\/div><div class=\"layer-content\"><a target=\"_parent\" class=\"element element_0 title_link\" href=\"https:\/\/visitpoltsamaa.com\/fi\/lustiveren-kartano\/\">Lustiveren kartano<\/a><div class=\"element element_1 excerpt\"  ><\/div><\/div><\/div><div  class=\"item mix skin even flat linnat-ja-kartanot seminaari-ja-juhlatilat \"><div class=\"layer-media\"><a href=\"https:\/\/visitpoltsamaa.com\/fi\/pajusin-kartano\/\"><img decoding=\"async\" alt=\"\" src=\"https:\/\/visitpoltsamaa.com\/wp-content\/uploads\/2018\/10\/7.-Pajusi-m\u00f5is-300x200.jpg\" \/><\/a><\/div><div class=\"layer-content\"><a target=\"_parent\" class=\"element element_0 title_link\" href=\"https:\/\/visitpoltsamaa.com\/fi\/pajusin-kartano\/\">Pajusin kartano<\/a><div class=\"element element_1 excerpt\"  ><\/div><\/div><\/div><div  class=\"item mix skin odd flat linnat-ja-kartanot seminaari-ja-juhlatilat top7-fi optional-fi \"><div class=\"layer-media\"><a href=\"https:\/\/visitpoltsamaa.com\/fi\/poltsamaan-linna\/\"><img decoding=\"async\" alt=\"\" src=\"https:\/\/visitpoltsamaa.com\/wp-content\/uploads\/2018\/09\/poltsamaa-loss-2023-1-300x200.jpg\" \/><\/a><\/div><div class=\"layer-content\"><a target=\"_parent\" class=\"element element_0 title_link\" href=\"https:\/\/visitpoltsamaa.com\/fi\/poltsamaan-linna\/\">P\u00f5ltsamaan linna<\/a><div class=\"element element_1 excerpt\"  ><\/div><\/div><\/div><div  class=\"item mix skin even flat linnat-ja-kartanot loss-fin \"><div class=\"layer-media\"><a href=\"https:\/\/visitpoltsamaa.com\/fi\/poltsamaan-museo\/\"><img decoding=\"async\" alt=\"\" src=\"https:\/\/visitpoltsamaa.com\/wp-content\/uploads\/2018\/11\/DSC_5418-300x200.jpg\" \/><\/a><\/div><div class=\"layer-content\"><a target=\"_parent\" class=\"element element_0 title_link\" href=\"https:\/\/visitpoltsamaa.com\/fi\/poltsamaan-museo\/\">P\u00f5ltsamaan museo<\/a><div class=\"element element_1 excerpt\"  ><\/div><\/div><\/div><div  class=\"item mix skin odd flat linnat-ja-kartanot loss-fin \"><div class=\"layer-media\"><a href=\"https:\/\/visitpoltsamaa.com\/fi\/poltsamaan-ruokamuseo\/\"><img decoding=\"async\" alt=\"\" src=\"https:\/\/visitpoltsamaa.com\/wp-content\/uploads\/2019\/03\/toidumuuseum-300x200.jpg\" \/><\/a><\/div><div class=\"layer-content\"><a target=\"_parent\" class=\"element element_0 title_link\" href=\"https:\/\/visitpoltsamaa.com\/fi\/poltsamaan-ruokamuseo\/\">P\u00f5ltsamaan ruokamuseo<\/a><div class=\"element element_1 excerpt\"  ><\/div><\/div><\/div><div  class=\"item mix skin even flat linnat-ja-kartanot seminaari-ja-juhlatilat top7-fi optional-fi \"><div class=\"layer-media\"><a href=\"https:\/\/visitpoltsamaa.com\/fi\/puurmanin-kartano\/\"><img decoding=\"async\" alt=\"\" src=\"https:\/\/visitpoltsamaa.com\/wp-content\/uploads\/2018\/10\/5.-Puurmani-m\u00f5is-300x200.jpg\" \/><\/a><\/div><div class=\"layer-content\"><a target=\"_parent\" class=\"element element_0 title_link\" href=\"https:\/\/visitpoltsamaa.com\/fi\/puurmanin-kartano\/\">Puurmanin kartano<\/a><div class=\"element element_1 excerpt\"  ><\/div><\/div><\/div><div  class=\"item mix skin odd flat linnat-ja-kartanot \"><div class=\"layer-media\"><a href=\"https:\/\/visitpoltsamaa.com\/fi\/rutikveren-meijeri\/\"><img decoding=\"async\" alt=\"\" src=\"https:\/\/visitpoltsamaa.com\/wp-content\/uploads\/2019\/05\/P1140195-300x200.jpg\" \/><\/a><\/div><div class=\"layer-content\"><a target=\"_parent\" class=\"element element_0 title_link\" href=\"https:\/\/visitpoltsamaa.com\/fi\/rutikveren-meijeri\/\">Rutikveren meijeri<\/a><div class=\"element element_1 excerpt\"  ><\/div><\/div><\/div><div  class=\"item mix skin even flat linnat-ja-kartanot \"><div class=\"layer-media\"><a href=\"https:\/\/visitpoltsamaa.com\/fi\/tapikun-kartano\/\"><img decoding=\"async\" alt=\"\" src=\"https:\/\/visitpoltsamaa.com\/wp-content\/uploads\/2018\/10\/tapiku-m\u00f5is-300x200.jpg\" \/><\/a><\/div><div class=\"layer-content\"><a target=\"_parent\" class=\"element element_0 title_link\" href=\"https:\/\/visitpoltsamaa.com\/fi\/tapikun-kartano\/\">Tapikun kartano<\/a><div class=\"element element_1 excerpt\"  ><\/div><\/div><\/div><div  class=\"item mix skin odd flat linnat-ja-kartanot \"><div class=\"layer-media\"><a href=\"https:\/\/visitpoltsamaa.com\/fi\/uue-poltsamaan-kartano\/\"><img decoding=\"async\" alt=\"\" src=\"https:\/\/visitpoltsamaa.com\/wp-content\/uploads\/2018\/10\/upm-300x200.jpg\" \/><\/a><\/div><div class=\"layer-content\"><a target=\"_parent\" class=\"element element_0 title_link\" href=\"https:\/\/visitpoltsamaa.com\/fi\/uue-poltsamaan-kartano\/\">Uue-P\u00f5ltsamaan kartano<\/a><div class=\"element element_1 excerpt\"  ><\/div><\/div><\/div><div  class=\"item mix skin even flat linnat-ja-kartanot \"><div class=\"layer-media\"><a href=\"https:\/\/visitpoltsamaa.com\/fi\/voisikun-kartano\/\"><img decoding=\"async\" alt=\"\" src=\"https:\/\/visitpoltsamaa.com\/wp-content\/uploads\/2018\/10\/9.-V\u00f5isiku-m\u00f5is-300x200.jpg\" \/><\/a><\/div><div class=\"layer-content\"><a target=\"_parent\" class=\"element element_0 title_link\" href=\"https:\/\/visitpoltsamaa.com\/fi\/voisikun-kartano\/\">V\u00f5isikun kartano<\/a><div class=\"element element_1 excerpt\"  ><\/div><\/div><\/div><\/div><div class=\"grid-nav-bottom\"><div class=\"pagination dark\"><div class=\"paginate\"><\/div ><\/div ><\/div><script>\r\n\t\tjQuery(document).ready(function($)\r\n\t\t{\r\n\t\t\t$(\"#post-grid-889 .layer-media .gallery\").owlCarousel({\r\n\t\t\t\t\r\n\t\t\t\titems : 1,\r\n\r\n\t\t\t\tnavText : [\"\",\"\"],\r\n\t\t\t\tautoplay: true,\r\n\t\t\t\tloop: true,\r\n\t\t\t\tautoHeight : true,\t\r\n\t\t\t\tnav : false,\t\r\n\t\t\t\tdots : false,\t\t\t\t\t\r\n\t\t\t\t\t\t\t\t\t\t\t\r\n\t\t\t\t\t\t\t\t\r\n\t\t\t\t});\r\n\t\t\r\n\t\t});<\/script><\/div>\n<h3><strong>Kirkot, hauatusmaat ja muistomerkit<\/strong><\/h3>\n<p>Alueella on monta kaunista kirkkoa, joissa on toimivat seurakunnat ja sunnuntaisin pidet\u00e4\u00e4n jumalanpalveluksia. Konsertteja pidet\u00e4\u00e4n p\u00e4\u00e4asiassa P\u00f5ltsamaan Nikolauksen kirkossa. T\u00e4rkeiden historiallisten tapahtumien tai merkkihenkil\u00f6iden muistoksi on pystytetty erilaisia muistomerkkej\u00e4 ja -alttareita. Tutustu suosituimpiin n\u00e4ht\u00e4vyyksiin t\u00e4\u00e4ll\u00e4:<\/p>\n<style type=\"text\/css\">#post-grid-937 .element_0{font-size:16px;display:block;padding:8px;}#post-grid-937 .element_1{font-size:13px;display:block;padding:10px;}#post-grid-937 .element_0:hover{}#post-grid-937 .element_1:hover{}#post-grid-937 .item{\r\n\t\t\tbackground:#f7f7f7;\r\n\t\r\n\t\t\t}<\/style><style type=\"text\/css\">\/*Write your CSS code here*\/<\/style><style type=\"text\/css\">#post-grid-937 {\r\n\t\t\tpadding:10px;\r\n\t\t\tbackground: #fff url() repeat scroll 0 0;\r\n\t\t}#post-grid-937 .item .layer-media{overflow: hidden;\r\n\t\t}@media only screen and (min-width: 1024px ) {#post-grid-937 .item .layer-media{height:auto;}}\r\n\t\t\r\n\t\t@media only screen and ( min-width: 768px ) and ( max-width: 1023px ) {#post-grid-937 .item .layer-media{height:auto}}\r\n\t\t\r\n\t\t@media only screen and ( min-width: 320px ) and ( max-width: 767px ) {#post-grid-937 .item .layer-media{height:auto}}#post-grid-937 .item{\r\n\t\tmargin:10px;}@media only screen and (min-width: 1024px ) {#post-grid-937 .item{height:auto;}}\r\n\t\r\n\t@media only screen and ( min-width: 768px ) and ( max-width: 1023px ) {#post-grid-937 .item{height:auto}}\r\n\t\r\n\t@media only screen and ( min-width: 320px ) and ( max-width: 767px ) {#post-grid-937 .item{height:auto}}\r\n\t@media only screen and (min-width: 1024px ) {\r\n\t#post-grid-937 .item{width:280px}\r\n\t\r\n\t}\r\n\t\r\n\t@media only screen and ( min-width: 768px ) and ( max-width: 1023px ) {\r\n\t#post-grid-937 .item{width:280px}\r\n\t}\r\n\t\r\n\t@media only screen and ( min-width: 320px ) and ( max-width: 767px ) {\r\n\t#post-grid-937 .item{width:90%}\r\n\t}<\/style><div id=\"post-grid-937\" class=\"post-grid grid\"><div class=\"grid-nav-top\"><\/div><div class=\"grid-items \" id=\"\"><div  class=\"item mix skin even flat kirkot-ja-muistomerkit \"><div class=\"layer-media\"><a href=\"https:\/\/visitpoltsamaa.com\/fi\/aidun-voitonalttari\/\"><img decoding=\"async\" alt=\"\" src=\"https:\/\/visitpoltsamaa.com\/wp-content\/uploads\/2018\/11\/DSC_5866_1-300x200.jpg\" \/><\/a><\/div><div class=\"layer-content\"><a target=\"_parent\" class=\"element element_0 title_link\" href=\"https:\/\/visitpoltsamaa.com\/fi\/aidun-voitonalttari\/\">Aidun voitonalttari<\/a><div class=\"element element_1 excerpt\"  ><\/div><\/div><\/div><div  class=\"item mix skin odd flat kirkot-ja-muistomerkit \"><div class=\"layer-media\"><a href=\"https:\/\/visitpoltsamaa.com\/fi\/ev-lut-kursin-maria-elisabetin-kirkko\/\"><img decoding=\"async\" alt=\"\" src=\"https:\/\/visitpoltsamaa.com\/wp-content\/uploads\/2018\/10\/DSC_1553-300x200.jpg\" \/><\/a><\/div><div class=\"layer-content\"><a target=\"_parent\" class=\"element element_0 title_link\" href=\"https:\/\/visitpoltsamaa.com\/fi\/ev-lut-kursin-maria-elisabetin-kirkko\/\">Ev.lut. Kursin Maria-Elisabetin kirkko<\/a><div class=\"element element_1 excerpt\"  ><\/div><\/div><\/div><div  class=\"item mix skin even flat kirkot-ja-muistomerkit loss-fin optional-fi \"><div class=\"layer-media\"><a href=\"https:\/\/visitpoltsamaa.com\/fi\/ev-lut-poltsamaan-nikolauksen-kirkko\/\"><img decoding=\"async\" alt=\"\" src=\"https:\/\/visitpoltsamaa.com\/wp-content\/uploads\/2018\/10\/P1150218B-300x200.jpg\" \/><\/a><\/div><div class=\"layer-content\"><a target=\"_parent\" class=\"element element_0 title_link\" href=\"https:\/\/visitpoltsamaa.com\/fi\/ev-lut-poltsamaan-nikolauksen-kirkko\/\">Ev.lut. P\u00f5ltsamaan Nikolauksen kirkko<\/a><div class=\"element element_1 excerpt\"  ><\/div><\/div><\/div><div  class=\"item mix skin odd flat kirkot-ja-muistomerkit \"><div class=\"layer-media\"><a href=\"https:\/\/visitpoltsamaa.com\/fi\/karl-august-hermanni-monument\/\"><img decoding=\"async\" alt=\"\" src=\"https:\/\/visitpoltsamaa.com\/wp-content\/uploads\/2018\/11\/DSC_1320-300x200.jpg\" \/><\/a><\/div><div class=\"layer-content\"><a target=\"_parent\" class=\"element element_0 title_link\" href=\"https:\/\/visitpoltsamaa.com\/fi\/karl-august-hermanni-monument\/\">Karl August Hermannin muistomerkki<\/a><div class=\"element element_1 excerpt\"  ><\/div><\/div><\/div><div  class=\"item mix skin even flat kirkot-ja-muistomerkit \"><div class=\"layer-media\"><a href=\"https:\/\/visitpoltsamaa.com\/fi\/kursin-vapaussodan-muistomerkki\/\"><img decoding=\"async\" alt=\"\" src=\"https:\/\/visitpoltsamaa.com\/wp-content\/uploads\/2018\/11\/Kursi-vabadussammas-300x200.jpg\" \/><\/a><\/div><div class=\"layer-content\"><a target=\"_parent\" class=\"element element_0 title_link\" href=\"https:\/\/visitpoltsamaa.com\/fi\/kursin-vapaussodan-muistomerkki\/\">Kursin Vapaussodan muistomerkki<\/a><div class=\"element element_1 excerpt\"  ><\/div><\/div><\/div><div  class=\"item mix skin odd flat kirkot-ja-muistomerkit \"><div class=\"layer-media\"><a href=\"https:\/\/visitpoltsamaa.com\/fi\/kutimaen-hauatusmaa\/\"><img decoding=\"async\" alt=\"\" src=\"https:\/\/visitpoltsamaa.com\/wp-content\/uploads\/2019\/03\/kutimae_peapilt-300x200.jpg\" \/><\/a><\/div><div class=\"layer-content\"><a target=\"_parent\" class=\"element element_0 title_link\" href=\"https:\/\/visitpoltsamaa.com\/fi\/kutimaen-hauatusmaa\/\">K\u00fctim\u00e4en hauatusmaa<\/a><div class=\"element element_1 excerpt\"  ><\/div><\/div><\/div><div  class=\"item mix skin even flat kirkot-ja-muistomerkit \"><div class=\"layer-media\"><a href=\"https:\/\/visitpoltsamaa.com\/fi\/ortodoksinen-poltsamaan-pyhan-hengen-kirkko\/\"><img decoding=\"async\" alt=\"\" src=\"https:\/\/visitpoltsamaa.com\/wp-content\/uploads\/2018\/10\/12.-P\u00f5ltsamaa-P\u00fchavaimu-kirik-300x200.jpg\" \/><\/a><\/div><div class=\"layer-content\"><a target=\"_parent\" class=\"element element_0 title_link\" href=\"https:\/\/visitpoltsamaa.com\/fi\/ortodoksinen-poltsamaan-pyhan-hengen-kirkko\/\">Ortodoksinen P\u00f5ltsamaan Pyh\u00e4n Hengen kirkko<\/a><div class=\"element element_1 excerpt\"  ><\/div><\/div><\/div><div  class=\"item mix skin odd flat kirkot-ja-muistomerkit \"><div class=\"layer-media\"><a href=\"https:\/\/visitpoltsamaa.com\/fi\/poltsamaan-vapaussodan-muistomerkki\/\"><img decoding=\"async\" alt=\"\" src=\"https:\/\/visitpoltsamaa.com\/wp-content\/uploads\/2018\/11\/vabadussammas-300x200.jpg\" \/><\/a><\/div><div class=\"layer-content\"><a target=\"_parent\" class=\"element element_0 title_link\" href=\"https:\/\/visitpoltsamaa.com\/fi\/poltsamaan-vapaussodan-muistomerkki\/\">P\u00f5ltsamaan Vapaussodan muistomerkki<\/a><div class=\"element element_1 excerpt\"  ><\/div><\/div><\/div><div  class=\"item mix skin even flat kirkot-ja-muistomerkit \"><div class=\"layer-media\"><a href=\"https:\/\/visitpoltsamaa.com\/fi\/tapikun-voitonalttari\/\"><img decoding=\"async\" alt=\"\" src=\"https:\/\/visitpoltsamaa.com\/wp-content\/uploads\/2018\/10\/tapiku-m\u00f5is-300x200.jpg\" \/><\/a><\/div><div class=\"layer-content\"><a target=\"_parent\" class=\"element element_0 title_link\" href=\"https:\/\/visitpoltsamaa.com\/fi\/tapikun-voitonalttari\/\">Tapikun voitonalttari<\/a><div class=\"element element_1 excerpt\"  ><\/div><\/div><\/div><\/div><div class=\"grid-nav-bottom\"><div class=\"pagination dark\"><div class=\"paginate\"><\/div ><\/div ><\/div><script>\r\n\t\tjQuery(document).ready(function($)\r\n\t\t{\r\n\t\t\t$(\"#post-grid-937 .layer-media .gallery\").owlCarousel({\r\n\t\t\t\t\r\n\t\t\t\titems : 1,\r\n\r\n\t\t\t\tnavText : [\"\",\"\"],\r\n\t\t\t\tautoplay: true,\r\n\t\t\t\tloop: true,\r\n\t\t\t\tautoHeight : true,\t\r\n\t\t\t\tnav : false,\t\r\n\t\t\t\tdots : false,\t\t\t\t\t\r\n\t\t\t\t\t\t\t\t\t\t\t\r\n\t\t\t\t\t\t\t\t\r\n\t\t\t\t});\r\n\t\t\r\n\t\t});<\/script><\/div>\n<h3><strong>Sillat ja luonto<\/strong><\/h3>\n<p>P\u00f5ltsamaa tunnetaan siltojen ja puistojen, ruusujen ja viinin kaupunkina. T\u00e4\u00e4ll\u00e4 on yhteens\u00e4 19 siltaa ja 4 puistoa. Lis\u00e4ksi kaupungin keskustassa on kaunis Ruususaari ja kaupungin laidalla Baltian suurin ruusutarha. Kaupungin l\u00e4pi virtaa Viron kolmanneksi pisin joki \u2013 P\u00f5ltsamaan joki.<\/p>\n<style type=\"text\/css\">#post-grid-1064 .element_0{font-size:16px;display:block;padding:8px;}#post-grid-1064 .element_1{font-size:13px;display:block;padding:10px;}#post-grid-1064 .element_0:hover{}#post-grid-1064 .element_1:hover{}#post-grid-1064 .item{\r\n\t\t\tbackground:#f7f7f7;\r\n\t\r\n\t\t\t}<\/style><style type=\"text\/css\">\/*Write your CSS code here*\/<\/style><style type=\"text\/css\">#post-grid-1064 {\r\n\t\t\tpadding:10px;\r\n\t\t\tbackground: #fff url() repeat scroll 0 0;\r\n\t\t}#post-grid-1064 .item .layer-media{overflow: hidden;\r\n\t\t}@media only screen and (min-width: 1024px ) {#post-grid-1064 .item .layer-media{height:auto;}}\r\n\t\t\r\n\t\t@media only screen and ( min-width: 768px ) and ( max-width: 1023px ) {#post-grid-1064 .item .layer-media{height:auto}}\r\n\t\t\r\n\t\t@media only screen and ( min-width: 320px ) and ( max-width: 767px ) {#post-grid-1064 .item .layer-media{height:auto}}#post-grid-1064 .item{\r\n\t\tmargin:10px;}@media only screen and (min-width: 1024px ) {#post-grid-1064 .item{height:auto;}}\r\n\t\r\n\t@media only screen and ( min-width: 768px ) and ( max-width: 1023px ) {#post-grid-1064 .item{height:auto}}\r\n\t\r\n\t@media only screen and ( min-width: 320px ) and ( max-width: 767px ) {#post-grid-1064 .item{height:auto}}\r\n\t@media only screen and (min-width: 1024px ) {\r\n\t#post-grid-1064 .item{width:280px}\r\n\t\r\n\t}\r\n\t\r\n\t@media only screen and ( min-width: 768px ) and ( max-width: 1023px ) {\r\n\t#post-grid-1064 .item{width:280px}\r\n\t}\r\n\t\r\n\t@media only screen and ( min-width: 320px ) and ( max-width: 767px ) {\r\n\t#post-grid-1064 .item{width:90%}\r\n\t}<\/style><div id=\"post-grid-1064\" class=\"post-grid grid\"><div class=\"grid-nav-top\"><\/div><div class=\"grid-items \" id=\"\"><div  class=\"item mix skin even flat seikkailut-ja-urheilu sillat-ja-luonto \"><div class=\"layer-media\"><a href=\"https:\/\/visitpoltsamaa.com\/fi\/kamari-jarven-virkistysalue\/\"><img decoding=\"async\" alt=\"\" src=\"https:\/\/visitpoltsamaa.com\/wp-content\/uploads\/2018\/11\/kamari-puhkeala-300x200.jpg\" \/><\/a><\/div><div class=\"layer-content\"><a target=\"_parent\" class=\"element element_0 title_link\" href=\"https:\/\/visitpoltsamaa.com\/fi\/kamari-jarven-virkistysalue\/\">Kamari-j\u00e4rven virkistysalue<\/a><div class=\"element element_1 excerpt\"  ><\/div><\/div><\/div><div  class=\"item mix skin odd flat sillat-ja-luonto top7-fi optional-fi \"><div class=\"layer-media\"><a href=\"https:\/\/visitpoltsamaa.com\/fi\/poltsamaan-18-siltaa\/\"><img decoding=\"async\" alt=\"\" src=\"https:\/\/visitpoltsamaa.com\/wp-content\/uploads\/2018\/11\/DSC_1327-300x200.jpg\" \/><\/a><\/div><div class=\"layer-content\"><a target=\"_parent\" class=\"element element_0 title_link\" href=\"https:\/\/visitpoltsamaa.com\/fi\/poltsamaan-18-siltaa\/\">P\u00f5ltsamaan 19 siltaa<\/a><div class=\"element element_1 excerpt\"  ><\/div><\/div><\/div><div  class=\"item mix skin even flat sillat-ja-luonto top7-fi \"><div class=\"layer-media\"><a href=\"https:\/\/visitpoltsamaa.com\/fi\/poltsamaan-ruususaari\/\"><img decoding=\"async\" alt=\"\" src=\"https:\/\/visitpoltsamaa.com\/wp-content\/uploads\/2018\/11\/roosisaar-6--300x200.jpg\" \/><\/a><\/div><div class=\"layer-content\"><a target=\"_parent\" class=\"element element_0 title_link\" href=\"https:\/\/visitpoltsamaa.com\/fi\/poltsamaan-ruususaari\/\">P\u00f5ltsamaan Ruususaari<\/a><div class=\"element element_1 excerpt\"  ><\/div><\/div><\/div><div  class=\"item mix skin odd flat sillat-ja-luonto \"><div class=\"layer-media\"><a href=\"https:\/\/visitpoltsamaa.com\/fi\/uue-poltsamaan-kartanon-puisto\/\"><img decoding=\"async\" alt=\"\" src=\"https:\/\/visitpoltsamaa.com\/wp-content\/uploads\/2019\/08\/upm-park-A-300x200.jpg\" \/><\/a><\/div><div class=\"layer-content\"><a target=\"_parent\" class=\"element element_0 title_link\" href=\"https:\/\/visitpoltsamaa.com\/fi\/uue-poltsamaan-kartanon-puisto\/\">Uue-P\u00f5ltsamaan kartanon puisto<\/a><div class=\"element element_1 excerpt\"  ><\/div><\/div><\/div><div  class=\"item mix skin even flat sillat-ja-luonto \"><div class=\"layer-media\"><a href=\"https:\/\/visitpoltsamaa.com\/fi\/vana-poltsamaan-kartanon-puisto\/\"><img decoding=\"async\" alt=\"\" src=\"https:\/\/visitpoltsamaa.com\/wp-content\/uploads\/2018\/11\/vpm-park-300x200.jpg\" \/><\/a><\/div><div class=\"layer-content\"><a target=\"_parent\" class=\"element element_0 title_link\" href=\"https:\/\/visitpoltsamaa.com\/fi\/vana-poltsamaan-kartanon-puisto\/\">Vana-P\u00f5ltsamaan kartanon puisto<\/a><div class=\"element element_1 excerpt\"  ><\/div><\/div><\/div><div  class=\"item mix skin odd flat sillat-ja-luonto \"><div class=\"layer-media\"><a href=\"https:\/\/visitpoltsamaa.com\/fi\/ystavyyden-puisto\/\"><img decoding=\"async\" alt=\"\" src=\"https:\/\/visitpoltsamaa.com\/wp-content\/uploads\/2018\/11\/DSC_8283-300x200.jpg\" \/><\/a><\/div><div class=\"layer-content\"><a target=\"_parent\" class=\"element element_0 title_link\" href=\"https:\/\/visitpoltsamaa.com\/fi\/ystavyyden-puisto\/\">Yst\u00e4vyyden puisto<\/a><div class=\"element element_1 excerpt\"  ><\/div><\/div><\/div><\/div><div class=\"grid-nav-bottom\"><div class=\"pagination dark\"><div class=\"paginate\"><\/div ><\/div ><\/div><script>\r\n\t\tjQuery(document).ready(function($)\r\n\t\t{\r\n\t\t\t$(\"#post-grid-1064 .layer-media .gallery\").owlCarousel({\r\n\t\t\t\t\r\n\t\t\t\titems : 1,\r\n\r\n\t\t\t\tnavText : [\"\",\"\"],\r\n\t\t\t\tautoplay: true,\r\n\t\t\t\tloop: true,\r\n\t\t\t\tautoHeight : true,\t\r\n\t\t\t\tnav : false,\t\r\n\t\t\t\tdots : false,\t\t\t\t\t\r\n\t\t\t\t\t\t\t\t\t\t\t\r\n\t\t\t\t\t\t\t\t\r\n\t\t\t\t});\r\n\t\t\r\n\t\t});<\/script><\/div>\n","protected":false},"excerpt":{"rendered":"<p>Museot ja kartanot P\u00f5ltsamaan alueella on monia linnoja ja kartanoita. Valtaosa niist\u00e4 on kunnostettu, moniin voi p\u00e4\u00e4st\u00e4 sis\u00e4\u00e4n sek\u00e4 vuokrata tiloja juhliin, syntym\u00e4p\u00e4iviin, h\u00e4ihin ym. tapahtumiin. Jotkut kartanot ovat kuitenkin katsottavissa vain ulkoa. P\u00f5ltsamaalla toimii my\u00f6s nelj\u00e4 museota. Kirkot, hauatusmaat ja muistomerkit Alueella on monta kaunista kirkkoa, joissa on toimivat &hellip;<\/p>\n","protected":false},"author":2,"featured_media":0,"parent":3803,"menu_order":0,"comment_status":"closed","ping_status":"closed","template":"","meta":{"footnotes":""},"categories":[],"tags":[],"class_list":["post-3812","page","type-page","status-publish","hentry"],"yoast_head":"<!-- This site is optimized with the Yoast SEO plugin v15.0 - https:\/\/yoast.com\/wordpress\/plugins\/seo\/ -->\n<title>N\u00e4ht\u00e4vyydet | Visit P&otilde;ltsamaa<\/title>\n<meta name=\"robots\" content=\"index, follow, max-snippet:-1, max-image-preview:large, max-video-preview:-1\" \/>\n<link rel=\"canonical\" href=\"https:\/\/visitpoltsamaa.com\/fi\/nae-koe\/nahtavyydet\/\" \/>\n<meta property=\"og:locale\" content=\"fi_FI\" \/>\n<meta property=\"og:type\" content=\"article\" \/>\n<meta property=\"og:title\" content=\"N\u00e4ht\u00e4vyydet | Visit P&otilde;ltsamaa\" \/>\n<meta property=\"og:description\" content=\"Museot ja kartanot P\u00f5ltsamaan alueella on monia linnoja ja kartanoita. Valtaosa niist\u00e4 on kunnostettu, moniin voi p\u00e4\u00e4st\u00e4 sis\u00e4\u00e4n sek\u00e4 vuokrata tiloja juhliin, syntym\u00e4p\u00e4iviin, h\u00e4ihin ym. tapahtumiin. Jotkut kartanot ovat kuitenkin katsottavissa vain ulkoa. P\u00f5ltsamaalla toimii my\u00f6s nelj\u00e4 museota. Kirkot, hauatusmaat ja muistomerkit Alueella on monta kaunista kirkkoa, joissa on toimivat &hellip;\" \/>\n<meta property=\"og:url\" content=\"https:\/\/visitpoltsamaa.com\/fi\/nae-koe\/nahtavyydet\/\" \/>\n<meta property=\"og:site_name\" content=\"Visit P&otilde;ltsamaa\" \/>\n<meta property=\"article:modified_time\" content=\"2025-08-07T08:26:51+00:00\" \/>\n<meta name=\"twitter:card\" content=\"summary_large_image\" \/>\n<script type=\"application\/ld+json\" class=\"yoast-schema-graph\">{\"@context\":\"https:\/\/schema.org\",\"@graph\":[{\"@type\":\"WebSite\",\"@id\":\"https:\/\/visitpoltsamaa.com\/fi\/#website\",\"url\":\"https:\/\/visitpoltsamaa.com\/fi\/\",\"name\":\"Visit P\\u00f5ltsamaa\",\"description\":\"P\\u00f5ltsamaan kunnan turisti-info\",\"potentialAction\":[{\"@type\":\"SearchAction\",\"target\":\"https:\/\/visitpoltsamaa.com\/fi\/?s={search_term_string}\",\"query-input\":\"required name=search_term_string\"}],\"inLanguage\":\"fi\"},{\"@type\":\"WebPage\",\"@id\":\"https:\/\/visitpoltsamaa.com\/fi\/nae-koe\/nahtavyydet\/#webpage\",\"url\":\"https:\/\/visitpoltsamaa.com\/fi\/nae-koe\/nahtavyydet\/\",\"name\":\"N\\u00e4ht\\u00e4vyydet | Visit P&otilde;ltsamaa\",\"isPartOf\":{\"@id\":\"https:\/\/visitpoltsamaa.com\/fi\/#website\"},\"datePublished\":\"2019-07-22T11:43:39+00:00\",\"dateModified\":\"2025-08-07T08:26:51+00:00\",\"inLanguage\":\"fi\",\"potentialAction\":[{\"@type\":\"ReadAction\",\"target\":[\"https:\/\/visitpoltsamaa.com\/fi\/nae-koe\/nahtavyydet\/\"]}]}]}<\/script>\n<!-- \/ Yoast SEO plugin. -->","_links":{"self":[{"href":"https:\/\/visitpoltsamaa.com\/fi\/wp-json\/wp\/v2\/pages\/3812","targetHints":{"allow":["GET"]}}],"collection":[{"href":"https:\/\/visitpoltsamaa.com\/fi\/wp-json\/wp\/v2\/pages"}],"about":[{"href":"https:\/\/visitpoltsamaa.com\/fi\/wp-json\/wp\/v2\/types\/page"}],"author":[{"embeddable":true,"href":"https:\/\/visitpoltsamaa.com\/fi\/wp-json\/wp\/v2\/users\/2"}],"replies":[{"embeddable":true,"href":"https:\/\/visitpoltsamaa.com\/fi\/wp-json\/wp\/v2\/comments?post=3812"}],"version-history":[{"count":7,"href":"https:\/\/visitpoltsamaa.com\/fi\/wp-json\/wp\/v2\/pages\/3812\/revisions"}],"predecessor-version":[{"id":8206,"href":"https:\/\/visitpoltsamaa.com\/fi\/wp-json\/wp\/v2\/pages\/3812\/revisions\/8206"}],"up":[{"embeddable":true,"href":"https:\/\/visitpoltsamaa.com\/fi\/wp-json\/wp\/v2\/pages\/3803"}],"wp:attachment":[{"href":"https:\/\/visitpoltsamaa.com\/fi\/wp-json\/wp\/v2\/media?parent=3812"}],"wp:term":[{"taxonomy":"category","embeddable":true,"href":"https:\/\/visitpoltsamaa.com\/fi\/wp-json\/wp\/v2\/categories?post=3812"},{"taxonomy":"post_tag","embeddable":true,"href":"https:\/\/visitpoltsamaa.com\/fi\/wp-json\/wp\/v2\/tags?post=3812"}],"curies":[{"name":"wp","href":"https:\/\/api.w.org\/{rel}","templated":true}]}}