{"id":3806,"date":"2019-07-22T14:41:46","date_gmt":"2019-07-22T11:41:46","guid":{"rendered":"https:\/\/visitpoltsamaa.com\/?page_id=3806"},"modified":"2019-09-02T11:33:26","modified_gmt":"2019-09-02T08:33:26","slug":"aktiivinen-loma","status":"publish","type":"page","link":"https:\/\/visitpoltsamaa.com\/fi\/nae-koe\/aktiivinen-loma\/","title":{"rendered":"Aktiivinen loma"},"content":{"rendered":"<h3><strong>Vesiel\u00e4mykset<\/strong><\/h3>\n<p>P\u00f5ltsamaan joki \u2013 pituudeltaan 135 km \u2013 on Viron kolmanneksi pisin joki. Ota yhteys alla oleviin palveluntarjoajiin, vuokrataksesi kanootti ja viett\u00e4\u00e4ksesi hauska p\u00e4iv\u00e4 P\u00f5ltsamaan joella! Kamarin j\u00e4rvell\u00e4 on kes\u00e4isin mahdollista viett\u00e4\u00e4 mukavasti aikaa Kr\u00f5\u00f5t-nimisess\u00e4 lauttasaunassa.<\/p>\n<style type=\"text\/css\">#post-grid-1167 .element_0{font-size:16px;display:block;padding:8px;}#post-grid-1167 .element_1{font-size:13px;display:block;padding:10px;}#post-grid-1167 .element_0:hover{}#post-grid-1167 .element_1:hover{}#post-grid-1167 .item{\r\n\t\t\tbackground:#f7f7f7;\r\n\t\r\n\t\t\t}<\/style><style type=\"text\/css\">\/*Write your CSS code here*\/<\/style><style type=\"text\/css\">#post-grid-1167 {\r\n\t\t\tpadding:10px;\r\n\t\t\tbackground: #fff url() repeat scroll 0 0;\r\n\t\t}#post-grid-1167 .item .layer-media{overflow: hidden;\r\n\t\t}@media only screen and (min-width: 1024px ) {#post-grid-1167 .item .layer-media{height:auto;}}\r\n\t\t\r\n\t\t@media only screen and ( min-width: 768px ) and ( max-width: 1023px ) {#post-grid-1167 .item .layer-media{height:auto}}\r\n\t\t\r\n\t\t@media only screen and ( min-width: 320px ) and ( max-width: 767px ) {#post-grid-1167 .item .layer-media{height:auto}}#post-grid-1167 .item{\r\n\t\tmargin:10px;}@media only screen and (min-width: 1024px ) {#post-grid-1167 .item{height:auto;}}\r\n\t\r\n\t@media only screen and ( min-width: 768px ) and ( max-width: 1023px ) {#post-grid-1167 .item{height:auto}}\r\n\t\r\n\t@media only screen and ( min-width: 320px ) and ( max-width: 767px ) {#post-grid-1167 .item{height:auto}}\r\n\t@media only screen and (min-width: 1024px ) {\r\n\t#post-grid-1167 .item{width:280px}\r\n\t\r\n\t}\r\n\t\r\n\t@media only screen and ( min-width: 768px ) and ( max-width: 1023px ) {\r\n\t#post-grid-1167 .item{width:280px}\r\n\t}\r\n\t\r\n\t@media only screen and ( min-width: 320px ) and ( max-width: 767px ) {\r\n\t#post-grid-1167 .item{width:90%}\r\n\t}<\/style><div id=\"post-grid-1167\" class=\"post-grid grid\"><div class=\"grid-nav-top\"><\/div><div class=\"grid-items \" id=\"\"><div  class=\"item mix skin even flat vesimatkailu \"><div class=\"layer-media\"><a href=\"https:\/\/visitpoltsamaa.com\/fi\/lauttasauna-kroot\/\"><img decoding=\"async\" alt=\"\" src=\"https:\/\/visitpoltsamaa.com\/wp-content\/uploads\/2018\/11\/kroot_1-\u00d5IGE-300x200.jpg\" \/><\/a><\/div><div class=\"layer-content\"><a target=\"_parent\" class=\"element element_0 title_link\" href=\"https:\/\/visitpoltsamaa.com\/fi\/lauttasauna-kroot\/\">Lauttasauna Kr\u00f5\u00f5t<\/a><div class=\"element element_1 excerpt\"  ><\/div><\/div><\/div><div  class=\"item mix skin odd flat vesimatkailu \"><div class=\"layer-media\"><a href=\"https:\/\/visitpoltsamaa.com\/fi\/vesiretket-ebru-matkad\/\"><img decoding=\"async\" alt=\"\" src=\"https:\/\/visitpoltsamaa.com\/wp-content\/uploads\/2018\/11\/Kanuumatkad-Ebru-Matkad-300x200.jpg\" \/><\/a><\/div><div class=\"layer-content\"><a target=\"_parent\" class=\"element element_0 title_link\" href=\"https:\/\/visitpoltsamaa.com\/fi\/vesiretket-ebru-matkad\/\">Vesiretket &#8211; Ebru Matkad<\/a><div class=\"element element_1 excerpt\"  ><\/div><\/div><\/div><div  class=\"item mix skin even flat vesimatkailu \"><div class=\"layer-media\"><a href=\"https:\/\/visitpoltsamaa.com\/fi\/vesiretket-eneli-x-ou\/\"><img decoding=\"async\" alt=\"\" src=\"https:\/\/visitpoltsamaa.com\/wp-content\/uploads\/2018\/11\/adventure-boat-canoe-275636-300x201.jpg\" \/><\/a><\/div><div class=\"layer-content\"><a target=\"_parent\" class=\"element element_0 title_link\" href=\"https:\/\/visitpoltsamaa.com\/fi\/vesiretket-eneli-x-ou\/\">Vesiretket &#8211; Eneli-x O\u00dc<\/a><div class=\"element element_1 excerpt\"  ><\/div><\/div><\/div><div  class=\"item mix skin odd flat vesimatkailu \"><div class=\"layer-media\"><a href=\"https:\/\/visitpoltsamaa.com\/fi\/vesiretket-freestart-matka-ja-spordiklubi\/\"><img decoding=\"async\" alt=\"\" src=\"https:\/\/visitpoltsamaa.com\/wp-content\/uploads\/2018\/11\/04org-\u00d5IFE-300x200.jpg\" \/><\/a><\/div><div class=\"layer-content\"><a target=\"_parent\" class=\"element element_0 title_link\" href=\"https:\/\/visitpoltsamaa.com\/fi\/vesiretket-freestart-matka-ja-spordiklubi\/\">Vesiretket &#8211; FreeStart Matka- ja Spordiklubi<\/a><div class=\"element element_1 excerpt\"  ><\/div><\/div><\/div><div  class=\"item mix skin even flat vesimatkailu \"><div class=\"layer-media\"><a href=\"https:\/\/visitpoltsamaa.com\/fi\/vesiretket-meelelahutus-joel\/\"><img decoding=\"async\" alt=\"\" src=\"https:\/\/visitpoltsamaa.com\/wp-content\/uploads\/2018\/11\/P1010706-300x200.jpg\" \/><\/a><\/div><div class=\"layer-content\"><a target=\"_parent\" class=\"element element_0 title_link\" href=\"https:\/\/visitpoltsamaa.com\/fi\/vesiretket-meelelahutus-joel\/\">Vesiretket &#8211; Meelelahutus j\u00f5el<\/a><div class=\"element element_1 excerpt\"  ><\/div><\/div><\/div><div  class=\"item mix skin odd flat vesimatkailu \"><div class=\"layer-media\"><a href=\"https:\/\/visitpoltsamaa.com\/fi\/vesiretket-poltsamaan-joella\/\"><img decoding=\"async\" alt=\"\" src=\"https:\/\/visitpoltsamaa.com\/wp-content\/uploads\/2018\/11\/veematkad-300x200.jpg\" \/><\/a><\/div><div class=\"layer-content\"><a target=\"_parent\" class=\"element element_0 title_link\" href=\"https:\/\/visitpoltsamaa.com\/fi\/vesiretket-poltsamaan-joella\/\">Vesiretket P\u00f5ltsamaan joella<\/a><div class=\"element element_1 excerpt\"  ><\/div><\/div><\/div><div  class=\"item mix skin even flat seikkailut-ja-urheilu top7-fi vesimatkailu \"><div class=\"layer-media\"><a href=\"https:\/\/visitpoltsamaa.com\/fi\/wpark\/\"><img decoding=\"async\" alt=\"\" src=\"https:\/\/visitpoltsamaa.com\/wp-content\/uploads\/2019\/09\/wpark-p\u00f5ltsamaa-300x200.jpg\" \/><\/a><\/div><div class=\"layer-content\"><a target=\"_parent\" class=\"element element_0 title_link\" href=\"https:\/\/visitpoltsamaa.com\/fi\/wpark\/\">WPark<\/a><div class=\"element element_1 excerpt\"  ><\/div><\/div><\/div><\/div><div class=\"grid-nav-bottom\"><div class=\"pagination dark\"><div class=\"paginate\"><\/div ><\/div ><\/div><script>\r\n\t\tjQuery(document).ready(function($)\r\n\t\t{\r\n\t\t\t$(\"#post-grid-1167 .layer-media .gallery\").owlCarousel({\r\n\t\t\t\t\r\n\t\t\t\titems : 1,\r\n\r\n\t\t\t\tnavText : [\"\",\"\"],\r\n\t\t\t\tautoplay: true,\r\n\t\t\t\tloop: true,\r\n\t\t\t\tautoHeight : true,\t\r\n\t\t\t\tnav : false,\t\r\n\t\t\t\tdots : false,\t\t\t\t\t\r\n\t\t\t\t\t\t\t\t\t\t\t\r\n\t\t\t\t\t\t\t\t\r\n\t\t\t\t});\r\n\t\t\r\n\t\t});<\/script><\/div>\n<h3><strong>Seikkailut ja urheilu<\/strong><\/h3>\n<p>P\u00f5ltsamaalla riitt\u00e4\u00e4 seikkailu- ja urheilumahdollisuuksia! Tule ajamaan karting-autoa tai k\u00e4velem\u00e4\u00e4n Kirnan ja Kuningam\u00e4en retkipolkuja. Talvella Kuningam\u00e4ell\u00e4 voi hiiht\u00e4\u00e4 ja Adaveressa on mahdollista kehitt\u00e4\u00e4 luistelutaitoa. Kes\u00e4kauden suosittuja matkailukohteita ovat Sarapiku-maatilan maissilabyrintti ja Kamari-j\u00e4rven virkistysalue.<\/p>\n<style type=\"text\/css\">#post-grid-1195 .element_0{font-size:16px;display:block;padding:8px;}#post-grid-1195 .element_1{font-size:13px;display:block;padding:10px;}#post-grid-1195 .element_0:hover{}#post-grid-1195 .element_1:hover{}#post-grid-1195 .item{\r\n\t\t\tbackground:#f7f7f7;\r\n\t\r\n\t\t\t}<\/style><style type=\"text\/css\">\/*Write your CSS code here*\/<\/style><style type=\"text\/css\">#post-grid-1195 {\r\n\t\t\tpadding:10px;\r\n\t\t\tbackground: #fff url() repeat scroll 0 0;\r\n\t\t}#post-grid-1195 .item .layer-media{overflow: hidden;\r\n\t\t}@media only screen and (min-width: 1024px ) {#post-grid-1195 .item .layer-media{height:auto;}}\r\n\t\t\r\n\t\t@media only screen and ( min-width: 768px ) and ( max-width: 1023px ) {#post-grid-1195 .item .layer-media{height:auto}}\r\n\t\t\r\n\t\t@media only screen and ( min-width: 320px ) and ( max-width: 767px ) {#post-grid-1195 .item .layer-media{height:auto}}#post-grid-1195 .item{\r\n\t\tmargin:10px;}@media only screen and (min-width: 1024px ) {#post-grid-1195 .item{height:auto;}}\r\n\t\r\n\t@media only screen and ( min-width: 768px ) and ( max-width: 1023px ) {#post-grid-1195 .item{height:auto}}\r\n\t\r\n\t@media only screen and ( min-width: 320px ) and ( max-width: 767px ) {#post-grid-1195 .item{height:auto}}\r\n\t@media only screen and (min-width: 1024px ) {\r\n\t#post-grid-1195 .item{width:280px}\r\n\t\r\n\t}\r\n\t\r\n\t@media only screen and ( min-width: 768px ) and ( max-width: 1023px ) {\r\n\t#post-grid-1195 .item{width:280px}\r\n\t}\r\n\t\r\n\t@media only screen and ( min-width: 320px ) and ( max-width: 767px ) {\r\n\t#post-grid-1195 .item{width:90%}\r\n\t}<\/style><div id=\"post-grid-1195\" class=\"post-grid grid\"><div class=\"grid-nav-top\"><\/div><div class=\"grid-items \" id=\"\"><div  class=\"item mix skin even flat seikkailut-ja-urheilu \"><div class=\"layer-media\"><a href=\"https:\/\/visitpoltsamaa.com\/fi\/adavere-luistinrata\/\"><img decoding=\"async\" alt=\"\" src=\"https:\/\/visitpoltsamaa.com\/wp-content\/uploads\/2018\/11\/adavere-uisurada-300x200.jpg\" \/><\/a><\/div><div class=\"layer-content\"><a target=\"_parent\" class=\"element element_0 title_link\" href=\"https:\/\/visitpoltsamaa.com\/fi\/adavere-luistinrata\/\">Adavere luistinrata<\/a><div class=\"element element_1 excerpt\"  ><\/div><\/div><\/div><div  class=\"item mix skin odd flat seikkailut-ja-urheilu sillat-ja-luonto \"><div class=\"layer-media\"><a href=\"https:\/\/visitpoltsamaa.com\/fi\/kamari-jarven-virkistysalue\/\"><img decoding=\"async\" alt=\"\" src=\"https:\/\/visitpoltsamaa.com\/wp-content\/uploads\/2018\/11\/kamari-puhkeala-300x200.jpg\" \/><\/a><\/div><div class=\"layer-content\"><a target=\"_parent\" class=\"element element_0 title_link\" href=\"https:\/\/visitpoltsamaa.com\/fi\/kamari-jarven-virkistysalue\/\">Kamari-j\u00e4rven virkistysalue<\/a><div class=\"element element_1 excerpt\"  ><\/div><\/div><\/div><div  class=\"item mix skin even flat seikkailut-ja-urheilu top7-fi \"><div class=\"layer-media\"><a href=\"https:\/\/visitpoltsamaa.com\/fi\/kirnan-retkeilyreitti\/\"><img decoding=\"async\" alt=\"\" src=\"https:\/\/visitpoltsamaa.com\/wp-content\/uploads\/2018\/11\/Kirna-56-300x200.jpg\" \/><\/a><\/div><div class=\"layer-content\"><a target=\"_parent\" class=\"element element_0 title_link\" href=\"https:\/\/visitpoltsamaa.com\/fi\/kirnan-retkeilyreitti\/\">Kirnan retkeilyreitti<\/a><div class=\"element element_1 excerpt\"  ><\/div><\/div><\/div><div  class=\"item mix skin odd flat seikkailut-ja-urheilu \"><div class=\"layer-media\"><a href=\"https:\/\/visitpoltsamaa.com\/fi\/kuningamaen-frisbeegolfpuisto\/\"><img decoding=\"async\" alt=\"\" src=\"https:\/\/visitpoltsamaa.com\/wp-content\/uploads\/2019\/04\/P1130858-300x200.jpg\" \/><\/a><\/div><div class=\"layer-content\"><a target=\"_parent\" class=\"element element_0 title_link\" href=\"https:\/\/visitpoltsamaa.com\/fi\/kuningamaen-frisbeegolfpuisto\/\">Kuningam\u00e4en frisbeegolfpuisto<\/a><div class=\"element element_1 excerpt\"  ><\/div><\/div><\/div><div  class=\"item mix skin even flat seikkailut-ja-urheilu top7-fi optional-fi \"><div class=\"layer-media\"><a href=\"https:\/\/visitpoltsamaa.com\/fi\/kuningamaen-kartingrata\/\"><img decoding=\"async\" alt=\"\" src=\"https:\/\/visitpoltsamaa.com\/wp-content\/uploads\/2018\/11\/kuningamae-kardikeskus-4-300x200.jpg\" \/><\/a><\/div><div class=\"layer-content\"><a target=\"_parent\" class=\"element element_0 title_link\" href=\"https:\/\/visitpoltsamaa.com\/fi\/kuningamaen-kartingrata\/\">Kuningam\u00e4en kartingrata<\/a><div class=\"element element_1 excerpt\"  ><\/div><\/div><\/div><div  class=\"item mix skin odd flat seikkailut-ja-urheilu \"><div class=\"layer-media\"><a href=\"https:\/\/visitpoltsamaa.com\/fi\/kuningamaen-liikuntapolut\/\"><img decoding=\"async\" alt=\"\" src=\"https:\/\/visitpoltsamaa.com\/wp-content\/uploads\/2018\/11\/terviserada1-300x200.jpg\" \/><\/a><\/div><div class=\"layer-content\"><a target=\"_parent\" class=\"element element_0 title_link\" href=\"https:\/\/visitpoltsamaa.com\/fi\/kuningamaen-liikuntapolut\/\">Kuningam\u00e4en liikuntapolut<\/a><div class=\"element element_1 excerpt\"  ><\/div><\/div><\/div><div  class=\"item mix skin even flat seikkailut-ja-urheilu \"><div class=\"layer-media\"><a href=\"https:\/\/visitpoltsamaa.com\/fi\/piirojan-rallicrossrata\/\"><img decoding=\"async\" alt=\"\" src=\"https:\/\/visitpoltsamaa.com\/wp-content\/uploads\/2018\/11\/piiroja-1-300x200.jpg\" \/><\/a><\/div><div class=\"layer-content\"><a target=\"_parent\" class=\"element element_0 title_link\" href=\"https:\/\/visitpoltsamaa.com\/fi\/piirojan-rallicrossrata\/\">Piirojan rallicrossrata<\/a><div class=\"element element_1 excerpt\"  ><\/div><\/div><\/div><div  class=\"item mix skin odd flat seikkailut-ja-urheilu \"><div class=\"layer-media\"><a href=\"https:\/\/visitpoltsamaa.com\/fi\/pisisaaren-urheilukeskus\/\"><img decoding=\"async\" alt=\"\" src=\"https:\/\/visitpoltsamaa.com\/wp-content\/uploads\/2018\/11\/DSC_5855-300x200.jpg\" \/><\/a><\/div><div class=\"layer-content\"><a target=\"_parent\" class=\"element element_0 title_link\" href=\"https:\/\/visitpoltsamaa.com\/fi\/pisisaaren-urheilukeskus\/\">Pisisaaren Urheilukeskus<\/a><div class=\"element element_1 excerpt\"  ><\/div><\/div><\/div><div  class=\"item mix skin even flat seikkailut-ja-urheilu \"><div class=\"layer-media\"><a href=\"https:\/\/visitpoltsamaa.com\/fi\/poltsamaan-polkupyorakeskus\/\"><img decoding=\"async\" alt=\"\" src=\"https:\/\/visitpoltsamaa.com\/wp-content\/uploads\/2018\/11\/jalgrattakeskus1-300x200.jpg\" \/><\/a><\/div><div class=\"layer-content\"><a target=\"_parent\" class=\"element element_0 title_link\" href=\"https:\/\/visitpoltsamaa.com\/fi\/poltsamaan-polkupyorakeskus\/\">P\u00f5ltsamaan Polkupy\u00f6r\u00e4keskus<\/a><div class=\"element element_1 excerpt\"  ><\/div><\/div><\/div><div  class=\"item mix skin odd flat seikkailut-ja-urheilu \"><div class=\"layer-media\"><a href=\"https:\/\/visitpoltsamaa.com\/fi\/ratsastus-loopre-lepiku-ratsatalu\/\"><img decoding=\"async\" alt=\"\" src=\"https:\/\/visitpoltsamaa.com\/wp-content\/uploads\/2019\/03\/loopre-300x200.jpg\" \/><\/a><\/div><div class=\"layer-content\"><a target=\"_parent\" class=\"element element_0 title_link\" href=\"https:\/\/visitpoltsamaa.com\/fi\/ratsastus-loopre-lepiku-ratsatalu\/\">Ratsastus &#8211; Loopre-Lepiku ratsatalu<\/a><div class=\"element element_1 excerpt\"  ><\/div><\/div><\/div><div  class=\"item mix skin even flat seikkailut-ja-urheilu \"><div class=\"layer-media\"><a href=\"https:\/\/visitpoltsamaa.com\/fi\/ratsastus-pauastvere-hobutall\/\"><img decoding=\"async\" alt=\"\" src=\"https:\/\/visitpoltsamaa.com\/wp-content\/uploads\/2019\/03\/pauastvere-hobutall-3-300x200.jpg\" \/><\/a><\/div><div class=\"layer-content\"><a target=\"_parent\" class=\"element element_0 title_link\" href=\"https:\/\/visitpoltsamaa.com\/fi\/ratsastus-pauastvere-hobutall\/\">Ratsastus &#8211; Pauastvere Hobutall<\/a><div class=\"element element_1 excerpt\"  ><\/div><\/div><\/div><div  class=\"item mix skin odd flat seikkailut-ja-urheilu top7-fi \"><div class=\"layer-media\"><a href=\"https:\/\/visitpoltsamaa.com\/fi\/sarapikun-tilan-maissilabyrintti\/\"><img decoding=\"async\" alt=\"\" src=\"https:\/\/visitpoltsamaa.com\/wp-content\/uploads\/2018\/11\/sarapiku-300x200.jpg\" \/><\/a><\/div><div class=\"layer-content\"><a target=\"_parent\" class=\"element element_0 title_link\" href=\"https:\/\/visitpoltsamaa.com\/fi\/sarapikun-tilan-maissilabyrintti\/\">Sarapikun tilan maissilabyrintti<\/a><div class=\"element element_1 excerpt\"  ><\/div><\/div><\/div><div  class=\"item mix skin even flat seikkailut-ja-urheilu \"><div class=\"layer-media\"><a href=\"https:\/\/visitpoltsamaa.com\/fi\/urheilurakennus-felixhall\/\"><img decoding=\"async\" alt=\"\" src=\"https:\/\/visitpoltsamaa.com\/wp-content\/uploads\/2018\/11\/DSC_5567-300x200.jpg\" \/><\/a><\/div><div class=\"layer-content\"><a target=\"_parent\" class=\"element element_0 title_link\" href=\"https:\/\/visitpoltsamaa.com\/fi\/urheilurakennus-felixhall\/\">Urheilurakennus Felixhall<\/a><div class=\"element element_1 excerpt\"  ><\/div><\/div><\/div><div  class=\"item mix skin odd flat seikkailut-ja-urheilu top7-fi vesimatkailu \"><div class=\"layer-media\"><a href=\"https:\/\/visitpoltsamaa.com\/fi\/wpark\/\"><img decoding=\"async\" alt=\"\" src=\"https:\/\/visitpoltsamaa.com\/wp-content\/uploads\/2019\/09\/wpark-p\u00f5ltsamaa-300x200.jpg\" \/><\/a><\/div><div class=\"layer-content\"><a target=\"_parent\" class=\"element element_0 title_link\" href=\"https:\/\/visitpoltsamaa.com\/fi\/wpark\/\">WPark<\/a><div class=\"element element_1 excerpt\"  ><\/div><\/div><\/div><\/div><div class=\"grid-nav-bottom\"><div class=\"pagination dark\"><div class=\"paginate\"><\/div ><\/div ><\/div><script>\r\n\t\tjQuery(document).ready(function($)\r\n\t\t{\r\n\t\t\t$(\"#post-grid-1195 .layer-media .gallery\").owlCarousel({\r\n\t\t\t\t\r\n\t\t\t\titems : 1,\r\n\r\n\t\t\t\tnavText : [\"\",\"\"],\r\n\t\t\t\tautoplay: true,\r\n\t\t\t\tloop: true,\r\n\t\t\t\tautoHeight : true,\t\r\n\t\t\t\tnav : false,\t\r\n\t\t\t\tdots : false,\t\t\t\t\t\r\n\t\t\t\t\t\t\t\t\t\t\t\r\n\t\t\t\t\t\t\t\t\r\n\t\t\t\t});\r\n\t\t\r\n\t\t});<\/script><\/div>\n","protected":false},"excerpt":{"rendered":"<p>Vesiel\u00e4mykset P\u00f5ltsamaan joki \u2013 pituudeltaan 135 km \u2013 on Viron kolmanneksi pisin joki. Ota yhteys alla oleviin palveluntarjoajiin, vuokrataksesi kanootti ja viett\u00e4\u00e4ksesi hauska p\u00e4iv\u00e4 P\u00f5ltsamaan joella! Kamarin j\u00e4rvell\u00e4 on kes\u00e4isin mahdollista viett\u00e4\u00e4 mukavasti aikaa Kr\u00f5\u00f5t-nimisess\u00e4 lauttasaunassa. Seikkailut ja urheilu P\u00f5ltsamaalla riitt\u00e4\u00e4 seikkailu- ja urheilumahdollisuuksia! Tule ajamaan karting-autoa tai k\u00e4velem\u00e4\u00e4n Kirnan &hellip;<\/p>\n","protected":false},"author":2,"featured_media":0,"parent":3803,"menu_order":0,"comment_status":"closed","ping_status":"closed","template":"","meta":{"footnotes":""},"categories":[],"tags":[],"class_list":["post-3806","page","type-page","status-publish","hentry"],"yoast_head":"<!-- This site is optimized with the Yoast SEO plugin v15.0 - https:\/\/yoast.com\/wordpress\/plugins\/seo\/ -->\n<title>Aktiivinen loma | Visit P&otilde;ltsamaa<\/title>\n<meta name=\"robots\" content=\"index, follow, max-snippet:-1, max-image-preview:large, max-video-preview:-1\" \/>\n<link rel=\"canonical\" href=\"https:\/\/visitpoltsamaa.com\/fi\/nae-koe\/aktiivinen-loma\/\" \/>\n<meta property=\"og:locale\" content=\"fi_FI\" \/>\n<meta property=\"og:type\" content=\"article\" \/>\n<meta property=\"og:title\" content=\"Aktiivinen loma | Visit P&otilde;ltsamaa\" \/>\n<meta property=\"og:description\" content=\"Vesiel\u00e4mykset P\u00f5ltsamaan joki \u2013 pituudeltaan 135 km \u2013 on Viron kolmanneksi pisin joki. Ota yhteys alla oleviin palveluntarjoajiin, vuokrataksesi kanootti ja viett\u00e4\u00e4ksesi hauska p\u00e4iv\u00e4 P\u00f5ltsamaan joella! Kamarin j\u00e4rvell\u00e4 on kes\u00e4isin mahdollista viett\u00e4\u00e4 mukavasti aikaa Kr\u00f5\u00f5t-nimisess\u00e4 lauttasaunassa. Seikkailut ja urheilu P\u00f5ltsamaalla riitt\u00e4\u00e4 seikkailu- ja urheilumahdollisuuksia! Tule ajamaan karting-autoa tai k\u00e4velem\u00e4\u00e4n Kirnan &hellip;\" \/>\n<meta property=\"og:url\" content=\"https:\/\/visitpoltsamaa.com\/fi\/nae-koe\/aktiivinen-loma\/\" \/>\n<meta property=\"og:site_name\" content=\"Visit P&otilde;ltsamaa\" \/>\n<meta property=\"article:modified_time\" content=\"2019-09-02T08:33:26+00:00\" \/>\n<meta name=\"twitter:card\" content=\"summary_large_image\" \/>\n<script type=\"application\/ld+json\" class=\"yoast-schema-graph\">{\"@context\":\"https:\/\/schema.org\",\"@graph\":[{\"@type\":\"WebSite\",\"@id\":\"https:\/\/visitpoltsamaa.com\/fi\/#website\",\"url\":\"https:\/\/visitpoltsamaa.com\/fi\/\",\"name\":\"Visit P\\u00f5ltsamaa\",\"description\":\"P\\u00f5ltsamaan kunnan turisti-info\",\"potentialAction\":[{\"@type\":\"SearchAction\",\"target\":\"https:\/\/visitpoltsamaa.com\/fi\/?s={search_term_string}\",\"query-input\":\"required name=search_term_string\"}],\"inLanguage\":\"fi\"},{\"@type\":\"WebPage\",\"@id\":\"https:\/\/visitpoltsamaa.com\/fi\/nae-koe\/aktiivinen-loma\/#webpage\",\"url\":\"https:\/\/visitpoltsamaa.com\/fi\/nae-koe\/aktiivinen-loma\/\",\"name\":\"Aktiivinen loma | Visit P&otilde;ltsamaa\",\"isPartOf\":{\"@id\":\"https:\/\/visitpoltsamaa.com\/fi\/#website\"},\"datePublished\":\"2019-07-22T11:41:46+00:00\",\"dateModified\":\"2019-09-02T08:33:26+00:00\",\"inLanguage\":\"fi\",\"potentialAction\":[{\"@type\":\"ReadAction\",\"target\":[\"https:\/\/visitpoltsamaa.com\/fi\/nae-koe\/aktiivinen-loma\/\"]}]}]}<\/script>\n<!-- \/ Yoast SEO plugin. -->","_links":{"self":[{"href":"https:\/\/visitpoltsamaa.com\/fi\/wp-json\/wp\/v2\/pages\/3806","targetHints":{"allow":["GET"]}}],"collection":[{"href":"https:\/\/visitpoltsamaa.com\/fi\/wp-json\/wp\/v2\/pages"}],"about":[{"href":"https:\/\/visitpoltsamaa.com\/fi\/wp-json\/wp\/v2\/types\/page"}],"author":[{"embeddable":true,"href":"https:\/\/visitpoltsamaa.com\/fi\/wp-json\/wp\/v2\/users\/2"}],"replies":[{"embeddable":true,"href":"https:\/\/visitpoltsamaa.com\/fi\/wp-json\/wp\/v2\/comments?post=3806"}],"version-history":[{"count":4,"href":"https:\/\/visitpoltsamaa.com\/fi\/wp-json\/wp\/v2\/pages\/3806\/revisions"}],"predecessor-version":[{"id":4215,"href":"https:\/\/visitpoltsamaa.com\/fi\/wp-json\/wp\/v2\/pages\/3806\/revisions\/4215"}],"up":[{"embeddable":true,"href":"https:\/\/visitpoltsamaa.com\/fi\/wp-json\/wp\/v2\/pages\/3803"}],"wp:attachment":[{"href":"https:\/\/visitpoltsamaa.com\/fi\/wp-json\/wp\/v2\/media?parent=3806"}],"wp:term":[{"taxonomy":"category","embeddable":true,"href":"https:\/\/visitpoltsamaa.com\/fi\/wp-json\/wp\/v2\/categories?post=3806"},{"taxonomy":"post_tag","embeddable":true,"href":"https:\/\/visitpoltsamaa.com\/fi\/wp-json\/wp\/v2\/tags?post=3806"}],"curies":[{"name":"wp","href":"https:\/\/api.w.org\/{rel}","templated":true}]}}