{"id":3797,"date":"2019-07-22T14:39:37","date_gmt":"2019-07-22T11:39:37","guid":{"rendered":"https:\/\/visitpoltsamaa.com\/?page_id=3797"},"modified":"2019-07-22T14:39:38","modified_gmt":"2019-07-22T11:39:38","slug":"seminaarit-juhlatilat","status":"publish","type":"page","link":"https:\/\/visitpoltsamaa.com\/fi\/seminaarit-juhlatilat\/","title":{"rendered":"Seminaarit &#038; Juhlatilat"},"content":{"rendered":"<p>Ruumide rent erinevateks t\u00e4htp\u00e4evadeks &#8211; korraldada Sa v\u00e4ikest koosolekut v\u00f5i uhket pulma, siit valikust leiad endale kindlasti sobiva:<\/p>\n<style type=\"text\/css\">#post-grid-1214 .element_0{font-size:16px;display:block;padding:8px;}#post-grid-1214 .element_1{font-size:13px;display:block;padding:10px;}#post-grid-1214 .element_0:hover{}#post-grid-1214 .element_1:hover{}#post-grid-1214 .item{\r\n\t\t\tbackground:#f7f7f7;\r\n\t\r\n\t\t\t}<\/style><style type=\"text\/css\">\/*Write your CSS code here*\/<\/style><style type=\"text\/css\">#post-grid-1214 {\r\n\t\t\tpadding:10px;\r\n\t\t\tbackground: #fff url() repeat scroll 0 0;\r\n\t\t}#post-grid-1214 .item .layer-media{overflow: hidden;\r\n\t\t}@media only screen and (min-width: 1024px ) {#post-grid-1214 .item .layer-media{height:auto;}}\r\n\t\t\r\n\t\t@media only screen and ( min-width: 768px ) and ( max-width: 1023px ) {#post-grid-1214 .item .layer-media{height:auto}}\r\n\t\t\r\n\t\t@media only screen and ( min-width: 320px ) and ( max-width: 767px ) {#post-grid-1214 .item .layer-media{height:auto}}#post-grid-1214 .item{\r\n\t\tmargin:10px;}@media only screen and (min-width: 1024px ) {#post-grid-1214 .item{height:auto;}}\r\n\t\r\n\t@media only screen and ( min-width: 768px ) and ( max-width: 1023px ) {#post-grid-1214 .item{height:auto}}\r\n\t\r\n\t@media only screen and ( min-width: 320px ) and ( max-width: 767px ) {#post-grid-1214 .item{height:auto}}\r\n\t@media only screen and (min-width: 1024px ) {\r\n\t#post-grid-1214 .item{width:280px}\r\n\t\r\n\t}\r\n\t\r\n\t@media only screen and ( min-width: 768px ) and ( max-width: 1023px ) {\r\n\t#post-grid-1214 .item{width:280px}\r\n\t}\r\n\t\r\n\t@media only screen and ( min-width: 320px ) and ( max-width: 767px ) {\r\n\t#post-grid-1214 .item{width:90%}\r\n\t}<\/style><div id=\"post-grid-1214\" class=\"post-grid grid\"><div class=\"grid-nav-top\"><\/div><div class=\"grid-items \" id=\"\"><div  class=\"item mix skin even flat majoitus seminaari-ja-juhlatilat \"><div class=\"layer-media\"><a href=\"https:\/\/visitpoltsamaa.com\/fi\/kase-turismitalu\/\"><img decoding=\"async\" alt=\"\" src=\"https:\/\/visitpoltsamaa.com\/wp-content\/uploads\/2018\/04\/kase-turismitalu-300x200.jpg\" \/><\/a><\/div><div class=\"layer-content\"><a target=\"_parent\" class=\"element element_0 title_link\" href=\"https:\/\/visitpoltsamaa.com\/fi\/kase-turismitalu\/\">Kasen matkailutila<\/a><div class=\"element element_1 excerpt\"  ><\/div><\/div><\/div><div  class=\"item mix skin odd flat loss-fin seminaari-ja-juhlatilat \"><div class=\"layer-media\"><a href=\"https:\/\/visitpoltsamaa.com\/fi\/linnaravintola-konvent\/\"><img decoding=\"async\" alt=\"\" src=\"https:\/\/visitpoltsamaa.com\/wp-content\/uploads\/2018\/04\/DSC_1658-300x200.jpg\" \/><\/a><\/div><div class=\"layer-content\"><a target=\"_parent\" class=\"element element_0 title_link\" href=\"https:\/\/visitpoltsamaa.com\/fi\/linnaravintola-konvent\/\">Linnaravintola Konvent<\/a><div class=\"element element_1 excerpt\"  ><\/div><\/div><\/div><div  class=\"item mix skin even flat linnat-ja-kartanot seminaari-ja-juhlatilat \"><div class=\"layer-media\"><a href=\"https:\/\/visitpoltsamaa.com\/fi\/pajusin-kartano\/\"><img decoding=\"async\" alt=\"\" src=\"https:\/\/visitpoltsamaa.com\/wp-content\/uploads\/2018\/10\/7.-Pajusi-m\u00f5is-300x200.jpg\" \/><\/a><\/div><div class=\"layer-content\"><a target=\"_parent\" class=\"element element_0 title_link\" href=\"https:\/\/visitpoltsamaa.com\/fi\/pajusin-kartano\/\">Pajusin kartano<\/a><div class=\"element element_1 excerpt\"  ><\/div><\/div><\/div><div  class=\"item mix skin odd flat linnat-ja-kartanot seminaari-ja-juhlatilat top7-fi optional-fi \"><div class=\"layer-media\"><a href=\"https:\/\/visitpoltsamaa.com\/fi\/poltsamaan-linna\/\"><img decoding=\"async\" alt=\"\" src=\"https:\/\/visitpoltsamaa.com\/wp-content\/uploads\/2018\/09\/poltsamaa-loss-2023-1-300x200.jpg\" \/><\/a><\/div><div class=\"layer-content\"><a target=\"_parent\" class=\"element element_0 title_link\" href=\"https:\/\/visitpoltsamaa.com\/fi\/poltsamaan-linna\/\">P\u00f5ltsamaan linna<\/a><div class=\"element element_1 excerpt\"  ><\/div><\/div><\/div><div  class=\"item mix skin even flat majoitus seminaari-ja-juhlatilat \"><div class=\"layer-media\"><a href=\"https:\/\/visitpoltsamaa.com\/fi\/poltsamaan-pappila\/\"><img decoding=\"async\" alt=\"\" src=\"https:\/\/visitpoltsamaa.com\/wp-content\/uploads\/2019\/03\/kirikla2-300x200.jpg\" \/><\/a><\/div><div class=\"layer-content\"><a target=\"_parent\" class=\"element element_0 title_link\" href=\"https:\/\/visitpoltsamaa.com\/fi\/poltsamaan-pappila\/\">P\u00f5ltsamaan pappila<\/a><div class=\"element element_1 excerpt\"  ><\/div><\/div><\/div><div  class=\"item mix skin odd flat loss-fin seminaari-ja-juhlatilat syo-juo \"><div class=\"layer-media\"><a href=\"https:\/\/visitpoltsamaa.com\/fi\/poltsamaan-viinikellari-ja-oberpahlen-ravintola\/\"><img decoding=\"async\" alt=\"\" src=\"https:\/\/visitpoltsamaa.com\/wp-content\/uploads\/2018\/04\/veinikelder-300x200.jpg\" \/><\/a><\/div><div class=\"layer-content\"><a target=\"_parent\" class=\"element element_0 title_link\" href=\"https:\/\/visitpoltsamaa.com\/fi\/poltsamaan-viinikellari-ja-oberpahlen-ravintola\/\">P\u00f5ltsamaan viinikellari ja Oberpahlen-ravintola<\/a><div class=\"element element_1 excerpt\"  ><\/div><\/div><\/div><div  class=\"item mix skin even flat linnat-ja-kartanot seminaari-ja-juhlatilat top7-fi optional-fi \"><div class=\"layer-media\"><a href=\"https:\/\/visitpoltsamaa.com\/fi\/puurmanin-kartano\/\"><img decoding=\"async\" alt=\"\" src=\"https:\/\/visitpoltsamaa.com\/wp-content\/uploads\/2018\/10\/5.-Puurmani-m\u00f5is-300x200.jpg\" \/><\/a><\/div><div class=\"layer-content\"><a target=\"_parent\" class=\"element element_0 title_link\" href=\"https:\/\/visitpoltsamaa.com\/fi\/puurmanin-kartano\/\">Puurmanin kartano<\/a><div class=\"element element_1 excerpt\"  ><\/div><\/div><\/div><div  class=\"item mix skin odd flat majoitus seminaari-ja-juhlatilat \"><div class=\"layer-media\"><a href=\"https:\/\/visitpoltsamaa.com\/fi\/puurmani-jahiseltsi-gustav-jahimaja\/\"><img decoding=\"async\" alt=\"\" src=\"https:\/\/visitpoltsamaa.com\/wp-content\/uploads\/2019\/04\/puurmani_jm-300x200.jpg\" \/><\/a><\/div><div class=\"layer-content\"><a target=\"_parent\" class=\"element element_0 title_link\" href=\"https:\/\/visitpoltsamaa.com\/fi\/puurmani-jahiseltsi-gustav-jahimaja\/\">Puurmanin Mets\u00e4stysseuran Gustavin mets\u00e4stysmaja<\/a><div class=\"element element_1 excerpt\"  ><\/div><\/div><\/div><div  class=\"item mix skin even flat majoitus seminaari-ja-juhlatilat \"><div class=\"layer-media\"><a href=\"https:\/\/visitpoltsamaa.com\/fi\/vierastalo-carl-schmidti-maja\/\"><img decoding=\"async\" alt=\"\" src=\"https:\/\/visitpoltsamaa.com\/wp-content\/uploads\/2018\/04\/DSC_5054-2-300x200.jpg\" \/><\/a><\/div><div class=\"layer-content\"><a target=\"_parent\" class=\"element element_0 title_link\" href=\"https:\/\/visitpoltsamaa.com\/fi\/vierastalo-carl-schmidti-maja\/\">Vierastalo Carl Schmidti maja<\/a><div class=\"element element_1 excerpt\"  ><\/div><\/div><\/div><div  class=\"item mix skin odd flat majoitus seminaari-ja-juhlatilat \"><div class=\"layer-media\"><a href=\"https:\/\/visitpoltsamaa.com\/fi\/vierastalo-lustivere-tervisetare\/\"><img decoding=\"async\" alt=\"\" src=\"https:\/\/visitpoltsamaa.com\/wp-content\/uploads\/2018\/09\/lustivere-1-300x200.jpg\" \/><\/a><\/div><div class=\"layer-content\"><a target=\"_parent\" class=\"element element_0 title_link\" href=\"https:\/\/visitpoltsamaa.com\/fi\/vierastalo-lustivere-tervisetare\/\">Vierastalo Lustivere Tervisetare<\/a><div class=\"element element_1 excerpt\"  ><\/div><\/div><\/div><div  class=\"item mix skin even flat majoitus seminaari-ja-juhlatilat \"><div class=\"layer-media\"><a href=\"https:\/\/visitpoltsamaa.com\/fi\/vierastalo-rivaal\/\"><img decoding=\"async\" alt=\"\" src=\"https:\/\/visitpoltsamaa.com\/wp-content\/uploads\/2018\/04\/rivaal-2-300x200.jpg\" \/><\/a><\/div><div class=\"layer-content\"><a target=\"_parent\" class=\"element element_0 title_link\" href=\"https:\/\/visitpoltsamaa.com\/fi\/vierastalo-rivaal\/\">Vierastalo Rivaal<\/a><div class=\"element element_1 excerpt\"  ><\/div><\/div><\/div><\/div><div class=\"grid-nav-bottom\"><div class=\"pagination dark\"><div class=\"paginate\"><\/div ><\/div ><\/div><script>\r\n\t\tjQuery(document).ready(function($)\r\n\t\t{\r\n\t\t\t$(\"#post-grid-1214 .layer-media .gallery\").owlCarousel({\r\n\t\t\t\t\r\n\t\t\t\titems : 1,\r\n\r\n\t\t\t\tnavText : [\"\",\"\"],\r\n\t\t\t\tautoplay: true,\r\n\t\t\t\tloop: true,\r\n\t\t\t\tautoHeight : true,\t\r\n\t\t\t\tnav : false,\t\r\n\t\t\t\tdots : false,\t\t\t\t\t\r\n\t\t\t\t\t\t\t\t\t\t\t\r\n\t\t\t\t\t\t\t\t\r\n\t\t\t\t});\r\n\t\t\r\n\t\t});<\/script><\/div>\n","protected":false},"excerpt":{"rendered":"<p>Ruumide rent erinevateks t\u00e4htp\u00e4evadeks &#8211; korraldada Sa v\u00e4ikest koosolekut v\u00f5i uhket pulma, siit valikust leiad endale kindlasti sobiva:<\/p>\n","protected":false},"author":2,"featured_media":0,"parent":0,"menu_order":0,"comment_status":"closed","ping_status":"closed","template":"","meta":{"footnotes":""},"categories":[],"tags":[],"class_list":["post-3797","page","type-page","status-publish","hentry"],"yoast_head":"<!-- This site is optimized with the Yoast SEO plugin v15.0 - https:\/\/yoast.com\/wordpress\/plugins\/seo\/ -->\n<title>Seminaarit &amp; Juhlatilat | Visit P&otilde;ltsamaa<\/title>\n<meta name=\"robots\" content=\"index, follow, max-snippet:-1, max-image-preview:large, max-video-preview:-1\" \/>\n<link rel=\"canonical\" href=\"https:\/\/visitpoltsamaa.com\/fi\/seminaarit-juhlatilat\/\" \/>\n<meta property=\"og:locale\" content=\"fi_FI\" \/>\n<meta property=\"og:type\" content=\"article\" \/>\n<meta property=\"og:title\" content=\"Seminaarit &amp; Juhlatilat | Visit P&otilde;ltsamaa\" \/>\n<meta property=\"og:description\" content=\"Ruumide rent erinevateks t\u00e4htp\u00e4evadeks &#8211; korraldada Sa v\u00e4ikest koosolekut v\u00f5i uhket pulma, siit valikust leiad endale kindlasti sobiva:\" \/>\n<meta property=\"og:url\" content=\"https:\/\/visitpoltsamaa.com\/fi\/seminaarit-juhlatilat\/\" \/>\n<meta property=\"og:site_name\" content=\"Visit P&otilde;ltsamaa\" \/>\n<meta property=\"article:modified_time\" content=\"2019-07-22T11:39:38+00:00\" \/>\n<meta name=\"twitter:card\" content=\"summary_large_image\" \/>\n<script type=\"application\/ld+json\" class=\"yoast-schema-graph\">{\"@context\":\"https:\/\/schema.org\",\"@graph\":[{\"@type\":\"WebSite\",\"@id\":\"https:\/\/visitpoltsamaa.com\/fi\/#website\",\"url\":\"https:\/\/visitpoltsamaa.com\/fi\/\",\"name\":\"Visit P\\u00f5ltsamaa\",\"description\":\"P\\u00f5ltsamaan kunnan turisti-info\",\"potentialAction\":[{\"@type\":\"SearchAction\",\"target\":\"https:\/\/visitpoltsamaa.com\/fi\/?s={search_term_string}\",\"query-input\":\"required name=search_term_string\"}],\"inLanguage\":\"fi\"},{\"@type\":\"WebPage\",\"@id\":\"https:\/\/visitpoltsamaa.com\/fi\/seminaarit-juhlatilat\/#webpage\",\"url\":\"https:\/\/visitpoltsamaa.com\/fi\/seminaarit-juhlatilat\/\",\"name\":\"Seminaarit & Juhlatilat | Visit P&otilde;ltsamaa\",\"isPartOf\":{\"@id\":\"https:\/\/visitpoltsamaa.com\/fi\/#website\"},\"datePublished\":\"2019-07-22T11:39:37+00:00\",\"dateModified\":\"2019-07-22T11:39:38+00:00\",\"inLanguage\":\"fi\",\"potentialAction\":[{\"@type\":\"ReadAction\",\"target\":[\"https:\/\/visitpoltsamaa.com\/fi\/seminaarit-juhlatilat\/\"]}]}]}<\/script>\n<!-- \/ Yoast SEO plugin. -->","_links":{"self":[{"href":"https:\/\/visitpoltsamaa.com\/fi\/wp-json\/wp\/v2\/pages\/3797","targetHints":{"allow":["GET"]}}],"collection":[{"href":"https:\/\/visitpoltsamaa.com\/fi\/wp-json\/wp\/v2\/pages"}],"about":[{"href":"https:\/\/visitpoltsamaa.com\/fi\/wp-json\/wp\/v2\/types\/page"}],"author":[{"embeddable":true,"href":"https:\/\/visitpoltsamaa.com\/fi\/wp-json\/wp\/v2\/users\/2"}],"replies":[{"embeddable":true,"href":"https:\/\/visitpoltsamaa.com\/fi\/wp-json\/wp\/v2\/comments?post=3797"}],"version-history":[{"count":2,"href":"https:\/\/visitpoltsamaa.com\/fi\/wp-json\/wp\/v2\/pages\/3797\/revisions"}],"predecessor-version":[{"id":3799,"href":"https:\/\/visitpoltsamaa.com\/fi\/wp-json\/wp\/v2\/pages\/3797\/revisions\/3799"}],"wp:attachment":[{"href":"https:\/\/visitpoltsamaa.com\/fi\/wp-json\/wp\/v2\/media?parent=3797"}],"wp:term":[{"taxonomy":"category","embeddable":true,"href":"https:\/\/visitpoltsamaa.com\/fi\/wp-json\/wp\/v2\/categories?post=3797"},{"taxonomy":"post_tag","embeddable":true,"href":"https:\/\/visitpoltsamaa.com\/fi\/wp-json\/wp\/v2\/tags?post=3797"}],"curies":[{"name":"wp","href":"https:\/\/api.w.org\/{rel}","templated":true}]}}