{"id":2601,"date":"2019-01-17T15:09:58","date_gmt":"2019-01-17T13:09:58","guid":{"rendered":"https:\/\/visitpoltsamaa.com\/?page_id=2601"},"modified":"2025-06-10T15:40:03","modified_gmt":"2025-06-10T12:40:03","slug":"faq","status":"publish","type":"page","link":"https:\/\/visitpoltsamaa.com\/en\/faq\/","title":{"rendered":"FAQ"},"content":{"rendered":"<div class=\"su-row\"><div class=\"su-column su-column-size-1-2\"><div class=\"su-column-inner su-clearfix\">\n<p><strong>How to get to P\u00f5ltsamaa?<\/strong><\/p>\n<p>P\u00f5ltsamaa municipality is located in Central-Estonia. P\u00f5ltsamaa town lies on the 127<sup>th<\/sup> km of Tallinn-Tartu highway and is one of the three towns in J\u00f5geva County. P\u00f5ltsamaa has good bus connections with Tallinn and Tartu \u2013 some busses stop in P\u00f5ltsamaa town, majority makes a stop in Puhu-Rist \u2013 a bust stop by Tallinn-Tartu highway. From there, a light traffic road for pedestrians and bicycles leads to the town center. The nearest train stations are located in J\u00f5geva, T\u00fcri, V\u00f5hma, Viljandi and Tartu. The nearest airports are in Tartu and Tallinn. While in P\u00f5ltsamaa, you can use taxi service and rent bicycles.<\/p>\n<p>Distance from bigger towns:<\/p>\n<p>Tallinn \u2013 127 km\u00a0 | Tartu \u2013 59 km | Narva \u2013 185 km<br \/>\nP\u00e4rnu \u2013 125 km | Peterburi \u2013 335 km | Riia \u2013 270 km<\/p>\n<p><strong>Bus information, timetables and tickets:<\/strong>\u00a0Peatus (<a href=\"http:\/\/www.peatus.ee\/\">www.peatus.ee<\/a>), Tpilet (<a href=\"http:\/\/www.tpilet.ee\/\">www.tpilet.ee<\/a>)<\/p>\n<p><strong>Train information, timetables and tickets:<\/strong>\u00a0AS Eesti Liinirongid (<a href=\"http:\/\/www.elron.ee\/\">www.elron.ee<\/a>)<\/p>\n<p><strong>General traffic information and road conditions:<\/strong>\u00a0Maanteeinfo (<a href=\"https:\/\/tarktee.mnt.ee\/\">tarktee.mnt.ee<\/a>)<\/p>\n<p><strong>Taxi service in P\u00f5ltsamaa:<\/strong>\u00a0 +372\u00a0527 0483 (Aivar Antsmaa), \u00a0+372\u00a05800 5868 (Laire Soom)<\/p>\n<p><strong>Bicycle rental in P\u00f5ltsamaa:<\/strong>\u00a0P\u00f5ltsamaa Bicycle Center, Kesk tn 1, +372 5558 0110<\/p>\n<\/div><\/div> <div class=\"su-column su-column-size-1-2\"><div class=\"su-column-inner su-clearfix\">\n<p><strong>General information about P\u00f5ltsamaa municipality<\/strong><\/p>\n<p>Population: 9179 (01.01.2025)<br \/>\nArea: 889,6 km\u00b2<br \/>\nLargest settlement: P\u00f5ltsamaa town (3690)<\/p>\n<p>Schools: 2<br \/>\nKindergartens: 2<br \/>\nVillages: 58<br \/>\nHobby schools: 3<\/p>\n<p>See more:<\/p>\n<p><u><a href=\"https:\/\/www.poltsamaa.ee\/\" target=\"_blank\" rel=\"noopener\">P\u00f5ltsamaa Municipality government<\/a><br \/>\n<\/u><\/p>\n<p><a href=\"https:\/\/visitpoltsamaa.com\/wp-content\/uploads\/2018\/09\/symboolika.jpg\"><img loading=\"lazy\" decoding=\"async\" class=\"alignnone size-medium wp-image-848\" src=\"https:\/\/visitpoltsamaa.com\/wp-content\/uploads\/2018\/09\/symboolika-300x121.jpg\" alt=\"\" width=\"300\" height=\"121\" srcset=\"https:\/\/visitpoltsamaa.com\/wp-content\/uploads\/2018\/09\/symboolika-300x121.jpg 300w, https:\/\/visitpoltsamaa.com\/wp-content\/uploads\/2018\/09\/symboolika-768x311.jpg 768w, https:\/\/visitpoltsamaa.com\/wp-content\/uploads\/2018\/09\/symboolika-494x200.jpg 494w, https:\/\/visitpoltsamaa.com\/wp-content\/uploads\/2018\/09\/symboolika.jpg 793w\" sizes=\"auto, (max-width: 300px) 100vw, 300px\" \/><\/a><\/p>\n<p>P\u00f5ltsamaa municipality: coat of arms and flag.<\/p>\n<\/div><\/div><\/div>\n","protected":false},"excerpt":{"rendered":"","protected":false},"author":2,"featured_media":0,"parent":0,"menu_order":6,"comment_status":"closed","ping_status":"closed","template":"","meta":{"footnotes":""},"categories":[],"tags":[],"class_list":["post-2601","page","type-page","status-publish","hentry"],"yoast_head":"<!-- This site is optimized with the Yoast SEO plugin v15.0 - https:\/\/yoast.com\/wordpress\/plugins\/seo\/ -->\n<title>FAQ | Visit P&otilde;ltsamaa<\/title>\n<meta name=\"robots\" content=\"index, follow, max-snippet:-1, max-image-preview:large, max-video-preview:-1\" \/>\n<link rel=\"canonical\" href=\"https:\/\/visitpoltsamaa.com\/en\/faq\/\" \/>\n<meta property=\"og:locale\" content=\"en_US\" \/>\n<meta property=\"og:type\" content=\"article\" \/>\n<meta property=\"og:title\" content=\"FAQ | Visit P&otilde;ltsamaa\" \/>\n<meta property=\"og:url\" content=\"https:\/\/visitpoltsamaa.com\/en\/faq\/\" \/>\n<meta property=\"og:site_name\" content=\"Visit P&otilde;ltsamaa\" \/>\n<meta property=\"article:modified_time\" content=\"2025-06-10T12:40:03+00:00\" \/>\n<meta property=\"og:image\" content=\"https:\/\/visitpoltsamaa.com\/wp-content\/uploads\/2018\/09\/symboolika-300x121.jpg\" \/>\n<meta name=\"twitter:card\" content=\"summary_large_image\" \/>\n<script type=\"application\/ld+json\" class=\"yoast-schema-graph\">{\"@context\":\"https:\/\/schema.org\",\"@graph\":[{\"@type\":\"WebSite\",\"@id\":\"https:\/\/visitpoltsamaa.com\/en\/#website\",\"url\":\"https:\/\/visitpoltsamaa.com\/en\/\",\"name\":\"Visit P\\u00f5ltsamaa\",\"description\":\"Tourist information\",\"potentialAction\":[{\"@type\":\"SearchAction\",\"target\":\"https:\/\/visitpoltsamaa.com\/en\/?s={search_term_string}\",\"query-input\":\"required name=search_term_string\"}],\"inLanguage\":\"en-US\"},{\"@type\":\"ImageObject\",\"@id\":\"https:\/\/visitpoltsamaa.com\/en\/faq\/#primaryimage\",\"inLanguage\":\"en-US\",\"url\":\"https:\/\/visitpoltsamaa.com\/wp-content\/uploads\/2018\/09\/symboolika.jpg\",\"width\":793,\"height\":321},{\"@type\":\"WebPage\",\"@id\":\"https:\/\/visitpoltsamaa.com\/en\/faq\/#webpage\",\"url\":\"https:\/\/visitpoltsamaa.com\/en\/faq\/\",\"name\":\"FAQ | Visit P&otilde;ltsamaa\",\"isPartOf\":{\"@id\":\"https:\/\/visitpoltsamaa.com\/en\/#website\"},\"primaryImageOfPage\":{\"@id\":\"https:\/\/visitpoltsamaa.com\/en\/faq\/#primaryimage\"},\"datePublished\":\"2019-01-17T13:09:58+00:00\",\"dateModified\":\"2025-06-10T12:40:03+00:00\",\"inLanguage\":\"en-US\",\"potentialAction\":[{\"@type\":\"ReadAction\",\"target\":[\"https:\/\/visitpoltsamaa.com\/en\/faq\/\"]}]}]}<\/script>\n<!-- \/ Yoast SEO plugin. -->","_links":{"self":[{"href":"https:\/\/visitpoltsamaa.com\/en\/wp-json\/wp\/v2\/pages\/2601","targetHints":{"allow":["GET"]}}],"collection":[{"href":"https:\/\/visitpoltsamaa.com\/en\/wp-json\/wp\/v2\/pages"}],"about":[{"href":"https:\/\/visitpoltsamaa.com\/en\/wp-json\/wp\/v2\/types\/page"}],"author":[{"embeddable":true,"href":"https:\/\/visitpoltsamaa.com\/en\/wp-json\/wp\/v2\/users\/2"}],"replies":[{"embeddable":true,"href":"https:\/\/visitpoltsamaa.com\/en\/wp-json\/wp\/v2\/comments?post=2601"}],"version-history":[{"count":8,"href":"https:\/\/visitpoltsamaa.com\/en\/wp-json\/wp\/v2\/pages\/2601\/revisions"}],"predecessor-version":[{"id":7936,"href":"https:\/\/visitpoltsamaa.com\/en\/wp-json\/wp\/v2\/pages\/2601\/revisions\/7936"}],"wp:attachment":[{"href":"https:\/\/visitpoltsamaa.com\/en\/wp-json\/wp\/v2\/media?parent=2601"}],"wp:term":[{"taxonomy":"category","embeddable":true,"href":"https:\/\/visitpoltsamaa.com\/en\/wp-json\/wp\/v2\/categories?post=2601"},{"taxonomy":"post_tag","embeddable":true,"href":"https:\/\/visitpoltsamaa.com\/en\/wp-json\/wp\/v2\/tags?post=2601"}],"curies":[{"name":"wp","href":"https:\/\/api.w.org\/{rel}","templated":true}]}}