{"id":2585,"date":"2019-01-17T15:05:31","date_gmt":"2019-01-17T13:05:31","guid":{"rendered":"https:\/\/visitpoltsamaa.com\/?page_id=2585"},"modified":"2019-03-02T11:10:29","modified_gmt":"2019-03-02T09:10:29","slug":"active-leisure","status":"publish","type":"page","link":"https:\/\/visitpoltsamaa.com\/en\/where-to-go-what-to-do\/active-leisure\/","title":{"rendered":"Active leisure"},"content":{"rendered":"<h3><strong>Water tourism<\/strong><\/h3>\n<p>River P\u00f5ltsamaa \u2013 135 km \u2013 is the 3rd longest river in Estonia. Rent a canoe and spend a lovely day on River P\u00f5ltsamaa! During summertime, you can enjoy your holidays on floating sauna Kr\u00f5\u00f5t on Lake Kamari.<\/p>\n<style type=\"text\/css\">#post-grid-1167 .element_0{font-size:16px;display:block;padding:8px;}#post-grid-1167 .element_1{font-size:13px;display:block;padding:10px;}#post-grid-1167 .element_0:hover{}#post-grid-1167 .element_1:hover{}#post-grid-1167 .item{\r\n\t\t\tbackground:#f7f7f7;\r\n\t\r\n\t\t\t}<\/style><style type=\"text\/css\">\/*Write your CSS code here*\/<\/style><style type=\"text\/css\">#post-grid-1167 {\r\n\t\t\tpadding:10px;\r\n\t\t\tbackground: #fff url() repeat scroll 0 0;\r\n\t\t}#post-grid-1167 .item .layer-media{overflow: hidden;\r\n\t\t}@media only screen and (min-width: 1024px ) {#post-grid-1167 .item .layer-media{height:auto;}}\r\n\t\t\r\n\t\t@media only screen and ( min-width: 768px ) and ( max-width: 1023px ) {#post-grid-1167 .item .layer-media{height:auto}}\r\n\t\t\r\n\t\t@media only screen and ( min-width: 320px ) and ( max-width: 767px ) {#post-grid-1167 .item .layer-media{height:auto}}#post-grid-1167 .item{\r\n\t\tmargin:10px;}@media only screen and (min-width: 1024px ) {#post-grid-1167 .item{height:auto;}}\r\n\t\r\n\t@media only screen and ( min-width: 768px ) and ( max-width: 1023px ) {#post-grid-1167 .item{height:auto}}\r\n\t\r\n\t@media only screen and ( min-width: 320px ) and ( max-width: 767px ) {#post-grid-1167 .item{height:auto}}\r\n\t@media only screen and (min-width: 1024px ) {\r\n\t#post-grid-1167 .item{width:280px}\r\n\t\r\n\t}\r\n\t\r\n\t@media only screen and ( min-width: 768px ) and ( max-width: 1023px ) {\r\n\t#post-grid-1167 .item{width:280px}\r\n\t}\r\n\t\r\n\t@media only screen and ( min-width: 320px ) and ( max-width: 767px ) {\r\n\t#post-grid-1167 .item{width:90%}\r\n\t}<\/style><div id=\"post-grid-1167\" class=\"post-grid grid\"><div class=\"grid-nav-top\"><\/div><div class=\"grid-items \" id=\"\"><div  class=\"item mix skin even flat water-tourism \"><div class=\"layer-media\"><a href=\"https:\/\/visitpoltsamaa.com\/en\/ebru-trips\/\"><img decoding=\"async\" alt=\"\" src=\"https:\/\/visitpoltsamaa.com\/wp-content\/uploads\/2018\/11\/Kanuumatkad-Ebru-Matkad-300x200.jpg\" \/><\/a><\/div><div class=\"layer-content\"><a target=\"_parent\" class=\"element element_0 title_link\" href=\"https:\/\/visitpoltsamaa.com\/en\/ebru-trips\/\">Ebru Trips<\/a><div class=\"element element_1 excerpt\"  ><\/div><\/div><\/div><div  class=\"item mix skin odd flat water-tourism \"><div class=\"layer-media\"><a href=\"https:\/\/visitpoltsamaa.com\/en\/eneli-x-ou\/\"><img decoding=\"async\" alt=\"\" src=\"https:\/\/visitpoltsamaa.com\/wp-content\/uploads\/2018\/11\/adventure-boat-canoe-275636-300x201.jpg\" \/><\/a><\/div><div class=\"layer-content\"><a target=\"_parent\" class=\"element element_0 title_link\" href=\"https:\/\/visitpoltsamaa.com\/en\/eneli-x-ou\/\">Eneli-x O\u00dc<\/a><div class=\"element element_1 excerpt\"  ><\/div><\/div><\/div><div  class=\"item mix skin even flat water-tourism \"><div class=\"layer-media\"><a href=\"https:\/\/visitpoltsamaa.com\/en\/entertainment-on-the-river\/\"><img decoding=\"async\" alt=\"\" src=\"https:\/\/visitpoltsamaa.com\/wp-content\/uploads\/2018\/11\/P1010706-300x200.jpg\" \/><\/a><\/div><div class=\"layer-content\"><a target=\"_parent\" class=\"element element_0 title_link\" href=\"https:\/\/visitpoltsamaa.com\/en\/entertainment-on-the-river\/\">Entertainment on the river<\/a><div class=\"element element_1 excerpt\"  ><\/div><\/div><\/div><div  class=\"item mix skin odd flat water-tourism \"><div class=\"layer-media\"><a href=\"https:\/\/visitpoltsamaa.com\/en\/floating-sauna-kroot\/\"><img decoding=\"async\" alt=\"\" src=\"https:\/\/visitpoltsamaa.com\/wp-content\/uploads\/2018\/11\/kroot_1-\u00d5IGE-300x200.jpg\" \/><\/a><\/div><div class=\"layer-content\"><a target=\"_parent\" class=\"element element_0 title_link\" href=\"https:\/\/visitpoltsamaa.com\/en\/floating-sauna-kroot\/\">Floating sauna Kr\u00f5\u00f5t<\/a><div class=\"element element_1 excerpt\"  ><\/div><\/div><\/div><div  class=\"item mix skin even flat water-tourism \"><div class=\"layer-media\"><a href=\"https:\/\/visitpoltsamaa.com\/en\/freestart-hiking-and-sports-club\/\"><img decoding=\"async\" alt=\"\" src=\"https:\/\/visitpoltsamaa.com\/wp-content\/uploads\/2018\/11\/04org-\u00d5IFE-300x200.jpg\" \/><\/a><\/div><div class=\"layer-content\"><a target=\"_parent\" class=\"element element_0 title_link\" href=\"https:\/\/visitpoltsamaa.com\/en\/freestart-hiking-and-sports-club\/\">FreeStart Hiking and Sports Club<\/a><div class=\"element element_1 excerpt\"  ><\/div><\/div><\/div><div  class=\"item mix skin odd flat water-tourism \"><div class=\"layer-media\"><a href=\"https:\/\/visitpoltsamaa.com\/en\/routes-of-water-trips-on-river-poltsamaa\/\"><img decoding=\"async\" alt=\"\" src=\"https:\/\/visitpoltsamaa.com\/wp-content\/uploads\/2018\/11\/veematkad-300x200.jpg\" \/><\/a><\/div><div class=\"layer-content\"><a target=\"_parent\" class=\"element element_0 title_link\" href=\"https:\/\/visitpoltsamaa.com\/en\/routes-of-water-trips-on-river-poltsamaa\/\">Routes of water trips on River P\u00f5ltsamaa<\/a><div class=\"element element_1 excerpt\"  ><\/div><\/div><\/div><div  class=\"item mix skin even flat adventure-and-sports top-places uncategorized water-tourism \"><div class=\"layer-media\"><a href=\"https:\/\/visitpoltsamaa.com\/en\/wpark\/\"><img decoding=\"async\" alt=\"\" src=\"https:\/\/visitpoltsamaa.com\/wp-content\/uploads\/2019\/09\/wpark-p\u00f5ltsamaa-300x200.jpg\" \/><\/a><\/div><div class=\"layer-content\"><a target=\"_parent\" class=\"element element_0 title_link\" href=\"https:\/\/visitpoltsamaa.com\/en\/wpark\/\">WPark<\/a><div class=\"element element_1 excerpt\"  ><\/div><\/div><\/div><\/div><div class=\"grid-nav-bottom\"><div class=\"pagination dark\"><div class=\"paginate\"><\/div ><\/div ><\/div><script>\r\n\t\tjQuery(document).ready(function($)\r\n\t\t{\r\n\t\t\t$(\"#post-grid-1167 .layer-media .gallery\").owlCarousel({\r\n\t\t\t\t\r\n\t\t\t\titems : 1,\r\n\r\n\t\t\t\tnavText : [\"\",\"\"],\r\n\t\t\t\tautoplay: true,\r\n\t\t\t\tloop: true,\r\n\t\t\t\tautoHeight : true,\t\r\n\t\t\t\tnav : false,\t\r\n\t\t\t\tdots : false,\t\t\t\t\t\r\n\t\t\t\t\t\t\t\t\t\t\t\r\n\t\t\t\t\t\t\t\t\r\n\t\t\t\t});\r\n\t\t\r\n\t\t});<\/script><\/div>\n<h3><strong>Adventures and sport<\/strong><\/h3>\n<p>P\u00f5ltsamaa offers many opportunities for adventures and sports activities! Enjoy go-karting or walk in Kirna or Kuningam\u00e4e trails. During wintertime, you will find excellent skiing tracks from Kuningam\u00e4e and a fabolous skating rink from Adavere. During summertime, Sarapiku corn maze is the best place for all advebture seekers. Also, Lake Kamari recreation area is popular among visitors.<\/p>\n<style type=\"text\/css\">#post-grid-1195 .element_0{font-size:16px;display:block;padding:8px;}#post-grid-1195 .element_1{font-size:13px;display:block;padding:10px;}#post-grid-1195 .element_0:hover{}#post-grid-1195 .element_1:hover{}#post-grid-1195 .item{\r\n\t\t\tbackground:#f7f7f7;\r\n\t\r\n\t\t\t}<\/style><style type=\"text\/css\">\/*Write your CSS code here*\/<\/style><style type=\"text\/css\">#post-grid-1195 {\r\n\t\t\tpadding:10px;\r\n\t\t\tbackground: #fff url() repeat scroll 0 0;\r\n\t\t}#post-grid-1195 .item .layer-media{overflow: hidden;\r\n\t\t}@media only screen and (min-width: 1024px ) {#post-grid-1195 .item .layer-media{height:auto;}}\r\n\t\t\r\n\t\t@media only screen and ( min-width: 768px ) and ( max-width: 1023px ) {#post-grid-1195 .item .layer-media{height:auto}}\r\n\t\t\r\n\t\t@media only screen and ( min-width: 320px ) and ( max-width: 767px ) {#post-grid-1195 .item .layer-media{height:auto}}#post-grid-1195 .item{\r\n\t\tmargin:10px;}@media only screen and (min-width: 1024px ) {#post-grid-1195 .item{height:auto;}}\r\n\t\r\n\t@media only screen and ( min-width: 768px ) and ( max-width: 1023px ) {#post-grid-1195 .item{height:auto}}\r\n\t\r\n\t@media only screen and ( min-width: 320px ) and ( max-width: 767px ) {#post-grid-1195 .item{height:auto}}\r\n\t@media only screen and (min-width: 1024px ) {\r\n\t#post-grid-1195 .item{width:280px}\r\n\t\r\n\t}\r\n\t\r\n\t@media only screen and ( min-width: 768px ) and ( max-width: 1023px ) {\r\n\t#post-grid-1195 .item{width:280px}\r\n\t}\r\n\t\r\n\t@media only screen and ( min-width: 320px ) and ( max-width: 767px ) {\r\n\t#post-grid-1195 .item{width:90%}\r\n\t}<\/style><div id=\"post-grid-1195\" class=\"post-grid grid\"><div class=\"grid-nav-top\"><\/div><div class=\"grid-items \" id=\"\"><div  class=\"item mix skin even flat adventure-and-sports \"><div class=\"layer-media\"><a href=\"https:\/\/visitpoltsamaa.com\/en\/adavere-ice-skating-rink\/\"><img decoding=\"async\" alt=\"\" src=\"https:\/\/visitpoltsamaa.com\/wp-content\/uploads\/2018\/11\/adavere-uisurada-300x200.jpg\" \/><\/a><\/div><div class=\"layer-content\"><a target=\"_parent\" class=\"element element_0 title_link\" href=\"https:\/\/visitpoltsamaa.com\/en\/adavere-ice-skating-rink\/\">Adavere ice-skating rink<\/a><div class=\"element element_1 excerpt\"  ><\/div><\/div><\/div><div  class=\"item mix skin odd flat adventure-and-sports \"><div class=\"layer-media\"><a href=\"https:\/\/visitpoltsamaa.com\/en\/felixhall-sports-center\/\"><img decoding=\"async\" alt=\"\" src=\"https:\/\/visitpoltsamaa.com\/wp-content\/uploads\/2018\/11\/DSC_5567-300x200.jpg\" \/><\/a><\/div><div class=\"layer-content\"><a target=\"_parent\" class=\"element element_0 title_link\" href=\"https:\/\/visitpoltsamaa.com\/en\/felixhall-sports-center\/\">Felixhall Sports center<\/a><div class=\"element element_1 excerpt\"  ><\/div><\/div><\/div><div  class=\"item mix skin even flat adventure-and-sports \"><div class=\"layer-media\"><a href=\"https:\/\/visitpoltsamaa.com\/en\/geocaching\/\"><img decoding=\"async\" alt=\"\" src=\"https:\/\/visitpoltsamaa.com\/wp-content\/uploads\/2019\/06\/geopeitus-300x200.jpg\" \/><\/a><\/div><div class=\"layer-content\"><a target=\"_parent\" class=\"element element_0 title_link\" href=\"https:\/\/visitpoltsamaa.com\/en\/geocaching\/\">Geocaching<\/a><div class=\"element element_1 excerpt\"  >Geocaching is an international game that takes you to undiscovered places, to great sights or awsome nature spots. The games is played outside, in fresh air, with a goal to find a treasure. Participants use GPS devices or maps to hide and seek the special treasures. Geocaching is played at &hellip;<\/div><\/div><\/div><div  class=\"item mix skin odd flat adventure-and-sports top-places \"><div class=\"layer-media\"><a href=\"https:\/\/visitpoltsamaa.com\/en\/kirna-hiking-trail\/\"><img decoding=\"async\" alt=\"\" src=\"https:\/\/visitpoltsamaa.com\/wp-content\/uploads\/2018\/11\/Kirna-56-300x200.jpg\" \/><\/a><\/div><div class=\"layer-content\"><a target=\"_parent\" class=\"element element_0 title_link\" href=\"https:\/\/visitpoltsamaa.com\/en\/kirna-hiking-trail\/\">Kirna hiking trail<\/a><div class=\"element element_1 excerpt\"  ><\/div><\/div><\/div><div  class=\"item mix skin even flat adventure-and-sports \"><div class=\"layer-media\"><a href=\"https:\/\/visitpoltsamaa.com\/en\/kuningamae-disc-golf-park\/\"><img decoding=\"async\" alt=\"\" src=\"https:\/\/visitpoltsamaa.com\/wp-content\/uploads\/2019\/04\/P1130858-300x200.jpg\" \/><\/a><\/div><div class=\"layer-content\"><a target=\"_parent\" class=\"element element_0 title_link\" href=\"https:\/\/visitpoltsamaa.com\/en\/kuningamae-disc-golf-park\/\">Kuningam\u00e4e disc golf park<\/a><div class=\"element element_1 excerpt\"  ><\/div><\/div><\/div><div  class=\"item mix skin odd flat adventure-and-sports top-places optional-en \"><div class=\"layer-media\"><a href=\"https:\/\/visitpoltsamaa.com\/en\/kuningamae-go-karting-track\/\"><img decoding=\"async\" alt=\"\" src=\"https:\/\/visitpoltsamaa.com\/wp-content\/uploads\/2018\/11\/kuningamae-kardikeskus-4-300x200.jpg\" \/><\/a><\/div><div class=\"layer-content\"><a target=\"_parent\" class=\"element element_0 title_link\" href=\"https:\/\/visitpoltsamaa.com\/en\/kuningamae-go-karting-track\/\">Kuningam\u00e4e go-karting center<\/a><div class=\"element element_1 excerpt\"  ><\/div><\/div><\/div><div  class=\"item mix skin even flat adventure-and-sports \"><div class=\"layer-media\"><a href=\"https:\/\/visitpoltsamaa.com\/en\/kuningamae-health-tracks\/\"><img decoding=\"async\" alt=\"\" src=\"https:\/\/visitpoltsamaa.com\/wp-content\/uploads\/2018\/11\/terviserada1-300x200.jpg\" \/><\/a><\/div><div class=\"layer-content\"><a target=\"_parent\" class=\"element element_0 title_link\" href=\"https:\/\/visitpoltsamaa.com\/en\/kuningamae-health-tracks\/\">Kuningam\u00e4e health tracks<\/a><div class=\"element element_1 excerpt\"  ><\/div><\/div><\/div><div  class=\"item mix skin odd flat adventure-and-sports bridges-and-nature \"><div class=\"layer-media\"><a href=\"https:\/\/visitpoltsamaa.com\/en\/lake-kamari-recreation-area-2\/\"><img decoding=\"async\" alt=\"\" src=\"https:\/\/visitpoltsamaa.com\/wp-content\/uploads\/2018\/11\/kamari-puhkeala-300x200.jpg\" \/><\/a><\/div><div class=\"layer-content\"><a target=\"_parent\" class=\"element element_0 title_link\" href=\"https:\/\/visitpoltsamaa.com\/en\/lake-kamari-recreation-area-2\/\">Lake Kamari recreation area<\/a><div class=\"element element_1 excerpt\"  ><\/div><\/div><\/div><div  class=\"item mix skin even flat adventure-and-sports \"><div class=\"layer-media\"><a href=\"https:\/\/visitpoltsamaa.com\/en\/loopre-lepiku-horseback-riding\/\"><img decoding=\"async\" alt=\"\" src=\"https:\/\/visitpoltsamaa.com\/wp-content\/uploads\/2019\/03\/loopre-300x200.jpg\" \/><\/a><\/div><div class=\"layer-content\"><a target=\"_parent\" class=\"element element_0 title_link\" href=\"https:\/\/visitpoltsamaa.com\/en\/loopre-lepiku-horseback-riding\/\">Loopre-Lepiku horseback riding<\/a><div class=\"element element_1 excerpt\"  ><\/div><\/div><\/div><div  class=\"item mix skin odd flat adventure-and-sports \"><div class=\"layer-media\"><a href=\"https:\/\/visitpoltsamaa.com\/en\/pauastvere-horseback-riding\/\"><img decoding=\"async\" alt=\"\" src=\"https:\/\/visitpoltsamaa.com\/wp-content\/uploads\/2019\/03\/pauastvere-hobutall-3-300x200.jpg\" \/><\/a><\/div><div class=\"layer-content\"><a target=\"_parent\" class=\"element element_0 title_link\" href=\"https:\/\/visitpoltsamaa.com\/en\/pauastvere-horseback-riding\/\">Pauastvere horseback riding<\/a><div class=\"element element_1 excerpt\"  ><\/div><\/div><\/div><div  class=\"item mix skin even flat adventure-and-sports \"><div class=\"layer-media\"><a href=\"https:\/\/visitpoltsamaa.com\/en\/piiroja-rallycross-track\/\"><img decoding=\"async\" alt=\"\" src=\"https:\/\/visitpoltsamaa.com\/wp-content\/uploads\/2018\/11\/piiroja-1-300x200.jpg\" \/><\/a><\/div><div class=\"layer-content\"><a target=\"_parent\" class=\"element element_0 title_link\" href=\"https:\/\/visitpoltsamaa.com\/en\/piiroja-rallycross-track\/\">Piiroja rallycross track<\/a><div class=\"element element_1 excerpt\"  ><\/div><\/div><\/div><div  class=\"item mix skin odd flat adventure-and-sports \"><div class=\"layer-media\"><a href=\"https:\/\/visitpoltsamaa.com\/en\/pisisaare-sports-center\/\"><img decoding=\"async\" alt=\"\" src=\"https:\/\/visitpoltsamaa.com\/wp-content\/uploads\/2018\/11\/DSC_5855-300x200.jpg\" \/><\/a><\/div><div class=\"layer-content\"><a target=\"_parent\" class=\"element element_0 title_link\" href=\"https:\/\/visitpoltsamaa.com\/en\/pisisaare-sports-center\/\">Pisisaare sports center<\/a><div class=\"element element_1 excerpt\"  ><\/div><\/div><\/div><div  class=\"item mix skin even flat adventure-and-sports \"><div class=\"layer-media\"><a href=\"https:\/\/visitpoltsamaa.com\/en\/poltsamaa-bicycle-center\/\"><img decoding=\"async\" alt=\"\" src=\"https:\/\/visitpoltsamaa.com\/wp-content\/uploads\/2018\/11\/jalgrattakeskus1-300x200.jpg\" \/><\/a><\/div><div class=\"layer-content\"><a target=\"_parent\" class=\"element element_0 title_link\" href=\"https:\/\/visitpoltsamaa.com\/en\/poltsamaa-bicycle-center\/\">P\u00f5ltsamaa Bicycle center<\/a><div class=\"element element_1 excerpt\"  ><\/div><\/div><\/div><div  class=\"item mix skin odd flat adventure-and-sports top-places \"><div class=\"layer-media\"><a href=\"https:\/\/visitpoltsamaa.com\/en\/tore-farm-corn-labyrinth\/\"><img decoding=\"async\" alt=\"\" src=\"https:\/\/visitpoltsamaa.com\/wp-content\/uploads\/2018\/11\/sarapiku-300x200.jpg\" \/><\/a><\/div><div class=\"layer-content\"><a target=\"_parent\" class=\"element element_0 title_link\" href=\"https:\/\/visitpoltsamaa.com\/en\/tore-farm-corn-labyrinth\/\">Tore Farm corn labyrinth<\/a><div class=\"element element_1 excerpt\"  ><\/div><\/div><\/div><div  class=\"item mix skin even flat adventure-and-sports top-places uncategorized water-tourism \"><div class=\"layer-media\"><a href=\"https:\/\/visitpoltsamaa.com\/en\/wpark\/\"><img decoding=\"async\" alt=\"\" src=\"https:\/\/visitpoltsamaa.com\/wp-content\/uploads\/2019\/09\/wpark-p\u00f5ltsamaa-300x200.jpg\" \/><\/a><\/div><div class=\"layer-content\"><a target=\"_parent\" class=\"element element_0 title_link\" href=\"https:\/\/visitpoltsamaa.com\/en\/wpark\/\">WPark<\/a><div class=\"element element_1 excerpt\"  ><\/div><\/div><\/div><\/div><div class=\"grid-nav-bottom\"><div class=\"pagination dark\"><div class=\"paginate\"><\/div ><\/div ><\/div><script>\r\n\t\tjQuery(document).ready(function($)\r\n\t\t{\r\n\t\t\t$(\"#post-grid-1195 .layer-media .gallery\").owlCarousel({\r\n\t\t\t\t\r\n\t\t\t\titems : 1,\r\n\r\n\t\t\t\tnavText : [\"\",\"\"],\r\n\t\t\t\tautoplay: true,\r\n\t\t\t\tloop: true,\r\n\t\t\t\tautoHeight : true,\t\r\n\t\t\t\tnav : false,\t\r\n\t\t\t\tdots : false,\t\t\t\t\t\r\n\t\t\t\t\t\t\t\t\t\t\t\r\n\t\t\t\t\t\t\t\t\r\n\t\t\t\t});\r\n\t\t\r\n\t\t});<\/script><\/div>\n","protected":false},"excerpt":{"rendered":"<p>Water tourism River P\u00f5ltsamaa \u2013 135 km \u2013 is the 3rd longest river in Estonia. Rent a canoe and spend a lovely day on River P\u00f5ltsamaa! During summertime, you can enjoy your holidays on floating sauna Kr\u00f5\u00f5t on Lake Kamari. Adventures and sport P\u00f5ltsamaa offers many opportunities for adventures and &hellip;<\/p>\n","protected":false},"author":2,"featured_media":0,"parent":2583,"menu_order":0,"comment_status":"closed","ping_status":"closed","template":"","meta":{"footnotes":""},"categories":[],"tags":[],"class_list":["post-2585","page","type-page","status-publish","hentry"],"yoast_head":"<!-- This site is optimized with the Yoast SEO plugin v15.0 - https:\/\/yoast.com\/wordpress\/plugins\/seo\/ -->\n<title>Active leisure | Visit P&otilde;ltsamaa<\/title>\n<meta name=\"robots\" content=\"index, follow, max-snippet:-1, max-image-preview:large, max-video-preview:-1\" \/>\n<link rel=\"canonical\" href=\"https:\/\/visitpoltsamaa.com\/en\/where-to-go-what-to-do\/active-leisure\/\" \/>\n<meta property=\"og:locale\" content=\"en_US\" \/>\n<meta property=\"og:type\" content=\"article\" \/>\n<meta property=\"og:title\" content=\"Active leisure | Visit P&otilde;ltsamaa\" \/>\n<meta property=\"og:description\" content=\"Water tourism River P\u00f5ltsamaa \u2013 135 km \u2013 is the 3rd longest river in Estonia. Rent a canoe and spend a lovely day on River P\u00f5ltsamaa! During summertime, you can enjoy your holidays on floating sauna Kr\u00f5\u00f5t on Lake Kamari. Adventures and sport P\u00f5ltsamaa offers many opportunities for adventures and &hellip;\" \/>\n<meta property=\"og:url\" content=\"https:\/\/visitpoltsamaa.com\/en\/where-to-go-what-to-do\/active-leisure\/\" \/>\n<meta property=\"og:site_name\" content=\"Visit P&otilde;ltsamaa\" \/>\n<meta property=\"article:modified_time\" content=\"2019-03-02T09:10:29+00:00\" \/>\n<meta name=\"twitter:card\" content=\"summary_large_image\" \/>\n<script type=\"application\/ld+json\" class=\"yoast-schema-graph\">{\"@context\":\"https:\/\/schema.org\",\"@graph\":[{\"@type\":\"WebSite\",\"@id\":\"https:\/\/visitpoltsamaa.com\/en\/#website\",\"url\":\"https:\/\/visitpoltsamaa.com\/en\/\",\"name\":\"Visit P\\u00f5ltsamaa\",\"description\":\"Tourist information\",\"potentialAction\":[{\"@type\":\"SearchAction\",\"target\":\"https:\/\/visitpoltsamaa.com\/en\/?s={search_term_string}\",\"query-input\":\"required name=search_term_string\"}],\"inLanguage\":\"en-US\"},{\"@type\":\"WebPage\",\"@id\":\"https:\/\/visitpoltsamaa.com\/en\/where-to-go-what-to-do\/active-leisure\/#webpage\",\"url\":\"https:\/\/visitpoltsamaa.com\/en\/where-to-go-what-to-do\/active-leisure\/\",\"name\":\"Active leisure | Visit P&otilde;ltsamaa\",\"isPartOf\":{\"@id\":\"https:\/\/visitpoltsamaa.com\/en\/#website\"},\"datePublished\":\"2019-01-17T13:05:31+00:00\",\"dateModified\":\"2019-03-02T09:10:29+00:00\",\"inLanguage\":\"en-US\",\"potentialAction\":[{\"@type\":\"ReadAction\",\"target\":[\"https:\/\/visitpoltsamaa.com\/en\/where-to-go-what-to-do\/active-leisure\/\"]}]}]}<\/script>\n<!-- \/ Yoast SEO plugin. -->","_links":{"self":[{"href":"https:\/\/visitpoltsamaa.com\/en\/wp-json\/wp\/v2\/pages\/2585","targetHints":{"allow":["GET"]}}],"collection":[{"href":"https:\/\/visitpoltsamaa.com\/en\/wp-json\/wp\/v2\/pages"}],"about":[{"href":"https:\/\/visitpoltsamaa.com\/en\/wp-json\/wp\/v2\/types\/page"}],"author":[{"embeddable":true,"href":"https:\/\/visitpoltsamaa.com\/en\/wp-json\/wp\/v2\/users\/2"}],"replies":[{"embeddable":true,"href":"https:\/\/visitpoltsamaa.com\/en\/wp-json\/wp\/v2\/comments?post=2585"}],"version-history":[{"count":2,"href":"https:\/\/visitpoltsamaa.com\/en\/wp-json\/wp\/v2\/pages\/2585\/revisions"}],"predecessor-version":[{"id":2985,"href":"https:\/\/visitpoltsamaa.com\/en\/wp-json\/wp\/v2\/pages\/2585\/revisions\/2985"}],"up":[{"embeddable":true,"href":"https:\/\/visitpoltsamaa.com\/en\/wp-json\/wp\/v2\/pages\/2583"}],"wp:attachment":[{"href":"https:\/\/visitpoltsamaa.com\/en\/wp-json\/wp\/v2\/media?parent=2585"}],"wp:term":[{"taxonomy":"category","embeddable":true,"href":"https:\/\/visitpoltsamaa.com\/en\/wp-json\/wp\/v2\/categories?post=2585"},{"taxonomy":"post_tag","embeddable":true,"href":"https:\/\/visitpoltsamaa.com\/en\/wp-json\/wp\/v2\/tags?post=2585"}],"curies":[{"name":"wp","href":"https:\/\/api.w.org\/{rel}","templated":true}]}}